{"id":66486,"date":"2024-03-22T15:24:27","date_gmt":"2024-03-22T14:24:27","guid":{"rendered":"https:\/\/abinox-chr-clim.com\/index.php\/product\/lot-de-6-poeles-antiadhesives-en-aluminium-vogue-280mm\/"},"modified":"2025-08-07T14:36:29","modified_gmt":"2025-08-07T12:36:29","slug":"lot-de-6-poeles-antiadhesives-en-aluminium-vogue-280mm","status":"publish","type":"product","link":"https:\/\/abinox-chr-clim.com\/index.php\/product\/lot-de-6-poeles-antiadhesives-en-aluminium-vogue-280mm\/","title":{"rendered":"Lot de 6 po\u00eales antiadh\u00e9sives en aluminium Vogue 280mm"},"content":{"rendered":"<p>Id\u00e9ale pour frire tout type d&rsquo;aliment.Rev\u00eatement Teflon platinium plus.Incompatible lave-vaisselle.Id\u00e9ale pour frire tout type d&rsquo;aliment. .<br \/> Caract\u00e9ristiques :<br \/>Lot : 6.<br \/> Capacit\u00e9 : 280(\u00d8) x 45(P)mm.<br \/> Dimensions : 45(H) x 280(\u00d8) mm.<br \/> Mati\u00e8re : Aluminium rev\u00eatu de 3 couches de Teflon Platinium.<\/p>\n","protected":false},"excerpt":{"rendered":"<p>Lot de 6 po\u00eales antiadh\u00e9sives en aluminium Vogue 280mm<\/p>\n","protected":false},"featured_media":99585,"comment_status":"closed","ping_status":"closed","template":"","meta":[],"product_brand":[],"product_cat":[1065,1064,1066,1297],"product_tag":[],"class_list":{"0":"post-66486","1":"product","2":"type-product","3":"status-publish","4":"has-post-thumbnail","6":"product_cat-batterie-et-platerie-de-cuisine","7":"product_cat-cuisine","8":"product_cat-marmites-et-casseroles","9":"product_cat-non-palettisable","10":"product_shipping_class-free-shipping","12":"first","13":"outofstock","14":"featured","15":"taxable","16":"shipping-taxable","17":"purchasable","18":"product-type-simple"},"_links":{"self":[{"href":"https:\/\/abinox-chr-clim.com\/index.php\/wp-json\/wp\/v2\/product\/66486","targetHints":{"allow":["GET"]}}],"collection":[{"href":"https:\/\/abinox-chr-clim.com\/index.php\/wp-json\/wp\/v2\/product"}],"about":[{"href":"https:\/\/abinox-chr-clim.com\/index.php\/wp-json\/wp\/v2\/types\/product"}],"replies":[{"embeddable":true,"href":"https:\/\/abinox-chr-clim.com\/index.php\/wp-json\/wp\/v2\/comments?post=66486"}],"wp:featuredmedia":[{"embeddable":true,"href":"https:\/\/abinox-chr-clim.com\/index.php\/wp-json\/wp\/v2\/media\/99585"}],"wp:attachment":[{"href":"https:\/\/abinox-chr-clim.com\/index.php\/wp-json\/wp\/v2\/media?parent=66486"}],"wp:term":[{"taxonomy":"product_brand","embeddable":true,"href":"https:\/\/abinox-chr-clim.com\/index.php\/wp-json\/wp\/v2\/product_brand?post=66486"},{"taxonomy":"product_cat","embeddable":true,"href":"https:\/\/abinox-chr-clim.com\/index.php\/wp-json\/wp\/v2\/product_cat?post=66486"},{"taxonomy":"product_tag","embeddable":true,"href":"https:\/\/abinox-chr-clim.com\/index.php\/wp-json\/wp\/v2\/product_tag?post=66486"}],"curies":[{"name":"wp","href":"https:\/\/api.w.org\/{rel}","templated":true}]}}