{"id":66454,"date":"2024-03-22T15:24:13","date_gmt":"2024-03-22T14:24:13","guid":{"rendered":"https:\/\/abinox-chr-clim.com\/index.php\/product\/braisiere-matfer-bourgeat-excellence-34l\/"},"modified":"2026-04-14T09:17:02","modified_gmt":"2026-04-14T07:17:02","slug":"braisiere-matfer-bourgeat-excellence-34l","status":"publish","type":"product","link":"https:\/\/abinox-chr-clim.com\/index.php\/product\/braisiere-matfer-bourgeat-excellence-34l\/","title":{"rendered":"Braisi\u00e8re Matfer Bourgeat Excellence 34L"},"content":{"rendered":"<p>La gamme en acier inoxydable \u00ab Excellence \u00bb a \u00e9t\u00e9 sp\u00e9cialement con\u00e7ue pour vous offrir la qualit\u00e9 Bourgeat \u00e0 des prix imbattables.<br \/>Compatible avec l&rsquo;induction &#8211; peut \u00eatre utilis\u00e9 sur n&rsquo;importe quelle source de chaleur. Capacit\u00e9 g\u00e9n\u00e9reuse pour la cuisson de grandes quantit\u00e9s d&rsquo;aliments. Lavable au lave-vaisselle pour un nettoyage rapide. Rebord renforc\u00e9 pour plus de solidit\u00e9. Poign\u00e9e \u00e9tanche pour rester au frais. Rebord renforc\u00e9 pour plus de solidit\u00e9. Poign\u00e9es soud\u00e9es incassables.Compatible avec l&rsquo;induction &#8211; peut \u00eatre utilis\u00e9 sur n&rsquo;importe quelle source de chaleur.<\/p>\n<p>Caract\u00e9ristiques :<br \/> Capacit\u00e9 : 34L.<br \/> Dimensions : 260(H) x 400(\u00d8) mm.<br \/> Mati\u00e8re : Inox.<br \/> Couleur : Acier inoxydable.<\/p>\n","protected":false},"excerpt":{"rendered":"<p>Braisi\u00e8re Matfer Bourgeat Excellence 34L<\/p>\n","protected":false},"featured_media":103467,"comment_status":"closed","ping_status":"closed","template":"","meta":[],"product_brand":[],"product_cat":[1065,1064,1066,1297],"product_tag":[],"class_list":{"0":"post-66454","1":"product","2":"type-product","3":"status-publish","4":"has-post-thumbnail","6":"product_cat-batterie-et-platerie-de-cuisine","7":"product_cat-cuisine","8":"product_cat-marmites-et-casseroles","9":"product_cat-non-palettisable","10":"product_shipping_class-free-shipping","12":"first","13":"instock","14":"featured","15":"taxable","16":"shipping-taxable","17":"purchasable","18":"product-type-simple"},"_links":{"self":[{"href":"https:\/\/abinox-chr-clim.com\/index.php\/wp-json\/wp\/v2\/product\/66454","targetHints":{"allow":["GET"]}}],"collection":[{"href":"https:\/\/abinox-chr-clim.com\/index.php\/wp-json\/wp\/v2\/product"}],"about":[{"href":"https:\/\/abinox-chr-clim.com\/index.php\/wp-json\/wp\/v2\/types\/product"}],"replies":[{"embeddable":true,"href":"https:\/\/abinox-chr-clim.com\/index.php\/wp-json\/wp\/v2\/comments?post=66454"}],"wp:featuredmedia":[{"embeddable":true,"href":"https:\/\/abinox-chr-clim.com\/index.php\/wp-json\/wp\/v2\/media\/103467"}],"wp:attachment":[{"href":"https:\/\/abinox-chr-clim.com\/index.php\/wp-json\/wp\/v2\/media?parent=66454"}],"wp:term":[{"taxonomy":"product_brand","embeddable":true,"href":"https:\/\/abinox-chr-clim.com\/index.php\/wp-json\/wp\/v2\/product_brand?post=66454"},{"taxonomy":"product_cat","embeddable":true,"href":"https:\/\/abinox-chr-clim.com\/index.php\/wp-json\/wp\/v2\/product_cat?post=66454"},{"taxonomy":"product_tag","embeddable":true,"href":"https:\/\/abinox-chr-clim.com\/index.php\/wp-json\/wp\/v2\/product_tag?post=66454"}],"curies":[{"name":"wp","href":"https:\/\/api.w.org\/{rel}","templated":true}]}}