{"id":66437,"date":"2024-03-22T15:24:07","date_gmt":"2024-03-22T14:24:07","guid":{"rendered":"https:\/\/abinox-chr-clim.com\/index.php\/product\/poele-induction-en-acier-inoxydable-vogue-200mm\/"},"modified":"2026-04-20T09:17:59","modified_gmt":"2026-04-20T07:17:59","slug":"poele-induction-en-acier-inoxydable-vogue-200mm","status":"publish","type":"product","link":"https:\/\/abinox-chr-clim.com\/index.php\/product\/poele-induction-en-acier-inoxydable-vogue-200mm\/","title":{"rendered":"Po\u00eale induction en acier inoxydable Vogue 200mm"},"content":{"rendered":"<p>Conception en acier inoxydable robuste et durable. Nettoyage facile et rapide : va au lave-vaisselle. Conception du rebord pour faciliter le versement &#8211; r\u00e9duit les d\u00e9g\u00e2ts. Poign\u00e9e soud\u00e9e solide et froide. Corps en acier inoxydable de 0,8 mm et base en aluminium de 6 mm pour une meilleure performance thermique. Convient \u00e0 toutes les surfaces de cuisson, y compris l&rsquo;induction. Corps : acier inoxydable (0,8 mm). Base : aluminium (6 mm). Plaque de base : Acier inoxydable 430 (0,8 mm).Conception en acier inoxydable robuste et durable.<\/p>\n<p>Caract\u00e9ristiques :<br \/> Capacit\u00e9 : 1 L.<br \/> Dimensions : 40(H) x 200(\u00d8) mm.<br \/> Mati\u00e8re : Inox<\/p>\n","protected":false},"excerpt":{"rendered":"<p>Po\u00eale induction en acier inoxydable Vogue 200mm<\/p>\n","protected":false},"featured_media":104840,"comment_status":"closed","ping_status":"closed","template":"","meta":[],"product_brand":[],"product_cat":[1065,1064,1066,1297],"product_tag":[],"class_list":{"0":"post-66437","1":"product","2":"type-product","3":"status-publish","4":"has-post-thumbnail","6":"product_cat-batterie-et-platerie-de-cuisine","7":"product_cat-cuisine","8":"product_cat-marmites-et-casseroles","9":"product_cat-non-palettisable","10":"product_shipping_class-free-shipping","12":"first","13":"instock","14":"featured","15":"taxable","16":"shipping-taxable","17":"purchasable","18":"product-type-simple"},"_links":{"self":[{"href":"https:\/\/abinox-chr-clim.com\/index.php\/wp-json\/wp\/v2\/product\/66437","targetHints":{"allow":["GET"]}}],"collection":[{"href":"https:\/\/abinox-chr-clim.com\/index.php\/wp-json\/wp\/v2\/product"}],"about":[{"href":"https:\/\/abinox-chr-clim.com\/index.php\/wp-json\/wp\/v2\/types\/product"}],"replies":[{"embeddable":true,"href":"https:\/\/abinox-chr-clim.com\/index.php\/wp-json\/wp\/v2\/comments?post=66437"}],"wp:featuredmedia":[{"embeddable":true,"href":"https:\/\/abinox-chr-clim.com\/index.php\/wp-json\/wp\/v2\/media\/104840"}],"wp:attachment":[{"href":"https:\/\/abinox-chr-clim.com\/index.php\/wp-json\/wp\/v2\/media?parent=66437"}],"wp:term":[{"taxonomy":"product_brand","embeddable":true,"href":"https:\/\/abinox-chr-clim.com\/index.php\/wp-json\/wp\/v2\/product_brand?post=66437"},{"taxonomy":"product_cat","embeddable":true,"href":"https:\/\/abinox-chr-clim.com\/index.php\/wp-json\/wp\/v2\/product_cat?post=66437"},{"taxonomy":"product_tag","embeddable":true,"href":"https:\/\/abinox-chr-clim.com\/index.php\/wp-json\/wp\/v2\/product_tag?post=66437"}],"curies":[{"name":"wp","href":"https:\/\/api.w.org\/{rel}","templated":true}]}}