{"id":66431,"date":"2024-03-22T15:24:03","date_gmt":"2024-03-22T14:24:03","guid":{"rendered":"https:\/\/abinox-chr-clim.com\/index.php\/product\/poele-gril-rainuree-ronde-en-fonte-vogue\/"},"modified":"2026-04-02T09:01:35","modified_gmt":"2026-04-02T07:01:35","slug":"poele-gril-rainuree-ronde-en-fonte-vogue","status":"publish","type":"product","link":"https:\/\/abinox-chr-clim.com\/index.php\/product\/poele-gril-rainuree-ronde-en-fonte-vogue\/","title":{"rendered":"Po\u00eale gril rainur\u00e9e ronde en fonte Vogue"},"content":{"rendered":"<p>Po\u00eale en fonte rainur\u00e9e robuste, id\u00e9ale pour saisir les viandes. NB : Culottage n\u00e9cessaire pour garantir une cuisson optimale et prolonger la dur\u00e9e de vie de votre mat\u00e9riel.<br \/>La surface de cuisson nervur\u00e9e laisse une belle finition grill\u00e9e. Les cr\u00eates profondes maintiennent les aliments au-dessus de l&rsquo;exc\u00e8s d&rsquo;huile et de graisse pour des r\u00e9sultats plus sains. Peut \u00eatre utilis\u00e9 sur toutes les surfaces de cuisson, y compris les plaques \u00e0 induction. Il suffit d&rsquo;ajouter un assaisonnement pour obtenir une surface antiadh\u00e9sive. Trou \u00e0 l&rsquo;extr\u00e9mit\u00e9 de la poign\u00e9e pour un rangement pratique. Conception en fonte extr\u00eamement solide pour une utilisation professionnelle quotidienne. Ne passe pas au lave-vaisselle mais se nettoie facilement \u00e0 la main.Antiadh\u00e9sif si culottage correctement effectu\u00e9. La surface de cuisson nervur\u00e9e laisse une belle finition grill\u00e9e.<\/p>\n<p>Caract\u00e9ristiques :<br \/> Capacit\u00e9 : 1,74L.<br \/> Dimensions : 267(\u00d8) mm.<br \/> Mati\u00e8re : Fonte.<br \/> Couleur : Noir.<\/p>\n","protected":false},"excerpt":{"rendered":"<p>Po\u00eale gril rainur\u00e9e ronde en fonte Vogue<\/p>\n","protected":false},"featured_media":104827,"comment_status":"closed","ping_status":"closed","template":"","meta":[],"product_brand":[],"product_cat":[1065,1064,1066,1297],"product_tag":[],"class_list":{"0":"post-66431","1":"product","2":"type-product","3":"status-publish","4":"has-post-thumbnail","6":"product_cat-batterie-et-platerie-de-cuisine","7":"product_cat-cuisine","8":"product_cat-marmites-et-casseroles","9":"product_cat-non-palettisable","10":"product_shipping_class-free-shipping","12":"first","13":"outofstock","14":"featured","15":"taxable","16":"shipping-taxable","17":"purchasable","18":"product-type-simple"},"_links":{"self":[{"href":"https:\/\/abinox-chr-clim.com\/index.php\/wp-json\/wp\/v2\/product\/66431","targetHints":{"allow":["GET"]}}],"collection":[{"href":"https:\/\/abinox-chr-clim.com\/index.php\/wp-json\/wp\/v2\/product"}],"about":[{"href":"https:\/\/abinox-chr-clim.com\/index.php\/wp-json\/wp\/v2\/types\/product"}],"replies":[{"embeddable":true,"href":"https:\/\/abinox-chr-clim.com\/index.php\/wp-json\/wp\/v2\/comments?post=66431"}],"wp:featuredmedia":[{"embeddable":true,"href":"https:\/\/abinox-chr-clim.com\/index.php\/wp-json\/wp\/v2\/media\/104827"}],"wp:attachment":[{"href":"https:\/\/abinox-chr-clim.com\/index.php\/wp-json\/wp\/v2\/media?parent=66431"}],"wp:term":[{"taxonomy":"product_brand","embeddable":true,"href":"https:\/\/abinox-chr-clim.com\/index.php\/wp-json\/wp\/v2\/product_brand?post=66431"},{"taxonomy":"product_cat","embeddable":true,"href":"https:\/\/abinox-chr-clim.com\/index.php\/wp-json\/wp\/v2\/product_cat?post=66431"},{"taxonomy":"product_tag","embeddable":true,"href":"https:\/\/abinox-chr-clim.com\/index.php\/wp-json\/wp\/v2\/product_tag?post=66431"}],"curies":[{"name":"wp","href":"https:\/\/api.w.org\/{rel}","templated":true}]}}