{"id":66333,"date":"2024-03-22T15:23:25","date_gmt":"2024-03-22T14:23:25","guid":{"rendered":"https:\/\/abinox-chr-clim.com\/index.php\/product\/grande-cocotte-ronde-noire-vogue\/"},"modified":"2026-04-15T09:02:50","modified_gmt":"2026-04-15T07:02:50","slug":"grande-cocotte-ronde-noire-vogue","status":"publish","type":"product","link":"https:\/\/abinox-chr-clim.com\/index.php\/product\/grande-cocotte-ronde-noire-vogue\/","title":{"rendered":"Grande cocotte ronde noire Vogue"},"content":{"rendered":"<p>Batterie de cuisine traditionnelle en fonte avec poign\u00e9es et bouton en acier inoxydable. R\u00e9partition uniforme et excellente r\u00e9tention de la chaleur. Peut \u00e9galement \u00eatre utilis\u00e9e pour la pr\u00e9sentation.<br \/>Fabriqu\u00e9 \u00e0 partir de fonte de haute qualit\u00e9 pour une conduction et une r\u00e9tention de la chaleur uniformes. Compatible tous feux. Antiadh\u00e9sif et anti-rouille apr\u00e8s culottage correctement effectu\u00e9. Les poign\u00e9es int\u00e9gr\u00e9es offrent une r\u00e9sistance sup\u00e9rieure. Bouton de couvercle en acier inoxydable. Les dimensions correspondent aux dimensions internes. Couvercle avec cercles int\u00e9rieurs en relief pour un syst\u00e8me d&rsquo;arrosage continu pendant la cuisson.Fabriqu\u00e9 \u00e0 partir de fonte de haute qualit\u00e9 pour une conduction et une r\u00e9tention de la chaleur uniformes.<\/p>\n<p>Caract\u00e9ristiques :<br \/> Capacit\u00e9 : 4L.<br \/> Dimensions : 125(H)x 235(\u00d8)mm.<br \/> Mati\u00e8re : Fonte.<br \/> Couleur : Noir.<\/p>\n","protected":false},"excerpt":{"rendered":"<p>Grande cocotte ronde noire Vogue<\/p>\n","protected":false},"featured_media":101743,"comment_status":"closed","ping_status":"closed","template":"","meta":[],"product_brand":[],"product_cat":[1065,1064,1066,1297],"product_tag":[],"class_list":{"0":"post-66333","1":"product","2":"type-product","3":"status-publish","4":"has-post-thumbnail","6":"product_cat-batterie-et-platerie-de-cuisine","7":"product_cat-cuisine","8":"product_cat-marmites-et-casseroles","9":"product_cat-non-palettisable","10":"product_shipping_class-free-shipping","12":"first","13":"instock","14":"featured","15":"taxable","16":"shipping-taxable","17":"purchasable","18":"product-type-simple"},"_links":{"self":[{"href":"https:\/\/abinox-chr-clim.com\/index.php\/wp-json\/wp\/v2\/product\/66333","targetHints":{"allow":["GET"]}}],"collection":[{"href":"https:\/\/abinox-chr-clim.com\/index.php\/wp-json\/wp\/v2\/product"}],"about":[{"href":"https:\/\/abinox-chr-clim.com\/index.php\/wp-json\/wp\/v2\/types\/product"}],"replies":[{"embeddable":true,"href":"https:\/\/abinox-chr-clim.com\/index.php\/wp-json\/wp\/v2\/comments?post=66333"}],"wp:featuredmedia":[{"embeddable":true,"href":"https:\/\/abinox-chr-clim.com\/index.php\/wp-json\/wp\/v2\/media\/101743"}],"wp:attachment":[{"href":"https:\/\/abinox-chr-clim.com\/index.php\/wp-json\/wp\/v2\/media?parent=66333"}],"wp:term":[{"taxonomy":"product_brand","embeddable":true,"href":"https:\/\/abinox-chr-clim.com\/index.php\/wp-json\/wp\/v2\/product_brand?post=66333"},{"taxonomy":"product_cat","embeddable":true,"href":"https:\/\/abinox-chr-clim.com\/index.php\/wp-json\/wp\/v2\/product_cat?post=66333"},{"taxonomy":"product_tag","embeddable":true,"href":"https:\/\/abinox-chr-clim.com\/index.php\/wp-json\/wp\/v2\/product_tag?post=66333"}],"curies":[{"name":"wp","href":"https:\/\/api.w.org\/{rel}","templated":true}]}}