{"id":66316,"date":"2024-03-22T15:23:20","date_gmt":"2024-03-22T14:23:20","guid":{"rendered":"https:\/\/abinox-chr-clim.com\/index.php\/product\/poele-en-acier-carbone-vogue-255mm\/"},"modified":"2026-04-29T09:37:38","modified_gmt":"2026-04-29T07:37:38","slug":"poele-en-acier-carbone-vogue-255mm","status":"publish","type":"product","link":"https:\/\/abinox-chr-clim.com\/index.php\/product\/poele-en-acier-carbone-vogue-255mm\/","title":{"rendered":"Po\u00eale en acier carbone Vogue 255mm"},"content":{"rendered":"<p>Po\u00eales en acier carbone compatibles tous feux. L&rsquo;acier carbone retient la chaleur longtemps et la r\u00e9partit uniform\u00e9ment. NB : Culottage n\u00e9cessaire pour garantir une cuisson optimale et prolonger la dur\u00e9e de vie de votre mat\u00e9riel.<br \/>Construction robuste en acier au carbone. R\u00e9partition uniforme de la chaleur sur toute la surface de la po\u00eale. Poign\u00e9e en m\u00e9tal robuste. Le trou dans la poign\u00e9e facilite la suspension pour un rangement facile. Peut aller au four. Remarque\u00a0: il est n\u00e9cessaire d&rsquo;assaisonner avant utilisation. Remarque\u00a0: ne passe pas au lave-vaisselle. Construction robuste en acier au carbone.<\/p>\n<p>Caract\u00e9ristiques :<br \/> Capacit\u00e9 : 2,11 L.<br \/> Dimensions : 255(\u00d8) mm.<br \/> Mati\u00e8re : Acier carbone<\/p>\n","protected":false},"excerpt":{"rendered":"<p>Po\u00eale en acier carbone Vogue 255mm<\/p>\n","protected":false},"featured_media":101221,"comment_status":"closed","ping_status":"closed","template":"","meta":[],"product_brand":[],"product_cat":[1065,1064,1066,1297],"product_tag":[],"class_list":{"0":"post-66316","1":"product","2":"type-product","3":"status-publish","4":"has-post-thumbnail","6":"product_cat-batterie-et-platerie-de-cuisine","7":"product_cat-cuisine","8":"product_cat-marmites-et-casseroles","9":"product_cat-non-palettisable","10":"product_shipping_class-free-shipping","12":"first","13":"outofstock","14":"featured","15":"taxable","16":"shipping-taxable","17":"purchasable","18":"product-type-simple"},"_links":{"self":[{"href":"https:\/\/abinox-chr-clim.com\/index.php\/wp-json\/wp\/v2\/product\/66316","targetHints":{"allow":["GET"]}}],"collection":[{"href":"https:\/\/abinox-chr-clim.com\/index.php\/wp-json\/wp\/v2\/product"}],"about":[{"href":"https:\/\/abinox-chr-clim.com\/index.php\/wp-json\/wp\/v2\/types\/product"}],"replies":[{"embeddable":true,"href":"https:\/\/abinox-chr-clim.com\/index.php\/wp-json\/wp\/v2\/comments?post=66316"}],"wp:featuredmedia":[{"embeddable":true,"href":"https:\/\/abinox-chr-clim.com\/index.php\/wp-json\/wp\/v2\/media\/101221"}],"wp:attachment":[{"href":"https:\/\/abinox-chr-clim.com\/index.php\/wp-json\/wp\/v2\/media?parent=66316"}],"wp:term":[{"taxonomy":"product_brand","embeddable":true,"href":"https:\/\/abinox-chr-clim.com\/index.php\/wp-json\/wp\/v2\/product_brand?post=66316"},{"taxonomy":"product_cat","embeddable":true,"href":"https:\/\/abinox-chr-clim.com\/index.php\/wp-json\/wp\/v2\/product_cat?post=66316"},{"taxonomy":"product_tag","embeddable":true,"href":"https:\/\/abinox-chr-clim.com\/index.php\/wp-json\/wp\/v2\/product_tag?post=66316"}],"curies":[{"name":"wp","href":"https:\/\/api.w.org\/{rel}","templated":true}]}}