{"id":66279,"date":"2024-03-22T15:23:06","date_gmt":"2024-03-22T14:23:06","guid":{"rendered":"https:\/\/abinox-chr-clim.com\/index.php\/product\/poele-aluminium-antiadhesive-teflon-platinum-plus-hygiplas-avec-manche-vert-240mm\/"},"modified":"2026-04-14T10:27:55","modified_gmt":"2026-04-14T08:27:55","slug":"poele-aluminium-antiadhesive-teflon-platinum-plus-hygiplas-avec-manche-vert-240mm","status":"publish","type":"product","link":"https:\/\/abinox-chr-clim.com\/index.php\/product\/poele-aluminium-antiadhesive-teflon-platinum-plus-hygiplas-avec-manche-vert-240mm\/","title":{"rendered":"Po\u00eale aluminium antiadh\u00e9sive Teflon Platinum Plus Hygiplas avec manche vert 240mm"},"content":{"rendered":"<p>Queue \u00e0 code couleur pour une identification facile &#8211; bleu pour le poisson, vert pour les v\u00e9g\u00e9taliens et v\u00e9g\u00e9tariens, rouge pour la viande et violet pour les allerg\u00e8nes. Avec un rev\u00eatement Teflon\u00ae Platinum Plus. Non compatible lave-vaisselle et induction.<br \/>Code couleur pour la cuisine v\u00e9g\u00e9tarienne\/v\u00e9g\u00e9talienne. Rev\u00eatement antiadh\u00e9sif Teflon platinum plus. Capacit\u00e9\u00a01,4\u00a0L. Mat\u00e9riau en aluminium. Poids\u00a0: 0,83\u00a0kg. Ne va pas au lave-vaisselle. Non compatible induction.Code couleur pour la cuisine v\u00e9g\u00e9tarienne\/v\u00e9g\u00e9talienne.<\/p>\n<p>Caract\u00e9ristiques :<br \/> Dimensions : 40(H) x 240(\u00d8) mm.<br \/> Mati\u00e8re : Aluminium.<br \/> Couleur : Noir et argent.<\/p>\n","protected":false},"excerpt":{"rendered":"<p>Po\u00eale aluminium antiadh\u00e9sive Teflon Platinum Plus Hygiplas avec manche vert 240mm<\/p>\n","protected":false},"featured_media":94257,"comment_status":"closed","ping_status":"closed","template":"","meta":[],"product_brand":[],"product_cat":[1065,1064,1066,1297],"product_tag":[],"class_list":{"0":"post-66279","1":"product","2":"type-product","3":"status-publish","4":"has-post-thumbnail","6":"product_cat-batterie-et-platerie-de-cuisine","7":"product_cat-cuisine","8":"product_cat-marmites-et-casseroles","9":"product_cat-non-palettisable","10":"product_shipping_class-free-shipping","12":"first","13":"outofstock","14":"featured","15":"taxable","16":"shipping-taxable","17":"purchasable","18":"product-type-simple"},"_links":{"self":[{"href":"https:\/\/abinox-chr-clim.com\/index.php\/wp-json\/wp\/v2\/product\/66279","targetHints":{"allow":["GET"]}}],"collection":[{"href":"https:\/\/abinox-chr-clim.com\/index.php\/wp-json\/wp\/v2\/product"}],"about":[{"href":"https:\/\/abinox-chr-clim.com\/index.php\/wp-json\/wp\/v2\/types\/product"}],"replies":[{"embeddable":true,"href":"https:\/\/abinox-chr-clim.com\/index.php\/wp-json\/wp\/v2\/comments?post=66279"}],"wp:featuredmedia":[{"embeddable":true,"href":"https:\/\/abinox-chr-clim.com\/index.php\/wp-json\/wp\/v2\/media\/94257"}],"wp:attachment":[{"href":"https:\/\/abinox-chr-clim.com\/index.php\/wp-json\/wp\/v2\/media?parent=66279"}],"wp:term":[{"taxonomy":"product_brand","embeddable":true,"href":"https:\/\/abinox-chr-clim.com\/index.php\/wp-json\/wp\/v2\/product_brand?post=66279"},{"taxonomy":"product_cat","embeddable":true,"href":"https:\/\/abinox-chr-clim.com\/index.php\/wp-json\/wp\/v2\/product_cat?post=66279"},{"taxonomy":"product_tag","embeddable":true,"href":"https:\/\/abinox-chr-clim.com\/index.php\/wp-json\/wp\/v2\/product_tag?post=66279"}],"curies":[{"name":"wp","href":"https:\/\/api.w.org\/{rel}","templated":true}]}}