{"id":66267,"date":"2024-03-22T15:23:02","date_gmt":"2024-03-22T14:23:02","guid":{"rendered":"https:\/\/abinox-chr-clim.com\/index.php\/product\/poele-induction-antiadhesive-en-aluminium-moule-de-buyer-chocinduction-280mm\/"},"modified":"2026-04-29T09:32:40","modified_gmt":"2026-04-29T07:32:40","slug":"poele-induction-antiadhesive-en-aluminium-moule-de-buyer-chocinduction-280mm","status":"publish","type":"product","link":"https:\/\/abinox-chr-clim.com\/index.php\/product\/poele-induction-antiadhesive-en-aluminium-moule-de-buyer-chocinduction-280mm\/","title":{"rendered":"Po\u00eale induction antiadh\u00e9sive en aluminium moul\u00e9 De Buyer Chocinduction 280mm"},"content":{"rendered":"<p>L&rsquo;aluminium tr\u00e8s \u00e9pais permet une distribution rapide et uniforme de la chaleur, \u00e0 la fois sur le fond et les c\u00f4t\u00e9s, sans surchauffe en tout point. Poign\u00e9 en \u00e9poxy acier inoxydable fix\u00e9e par des rivets extr\u00eamement robuste.  Afin de garder toutes ses propri\u00e9t\u00e9s, ne pas chauffer \u00e0 plus de 250C.Convient pour toutes sources de chaleur, y compris induction.  L&rsquo;aluminium tr\u00e8s \u00e9pais permet une distribution rapide et uniforme de la chaleur, \u00e0 la fois sur le fond et les c\u00f4t\u00e9s, sans surchauffe en tout point.<\/p>\n<p>Caract\u00e9ristiques :<br \/> Capacit\u00e9 : 1,8 L.<br \/> Dimensions : 45(H) x 280(\u00d8) mm.<br \/> Mati\u00e8re : Aluminium<\/p>\n","protected":false},"excerpt":{"rendered":"<p>Po\u00eale induction antiadh\u00e9sive en aluminium moul\u00e9 De Buyer Chocinduction 280mm<\/p>\n","protected":false},"featured_media":92034,"comment_status":"closed","ping_status":"closed","template":"","meta":[],"product_brand":[],"product_cat":[1065,1064,1066,1297],"product_tag":[],"class_list":{"0":"post-66267","1":"product","2":"type-product","3":"status-publish","4":"has-post-thumbnail","6":"product_cat-batterie-et-platerie-de-cuisine","7":"product_cat-cuisine","8":"product_cat-marmites-et-casseroles","9":"product_cat-non-palettisable","10":"product_shipping_class-free-shipping","12":"first","13":"instock","14":"featured","15":"taxable","16":"shipping-taxable","17":"purchasable","18":"product-type-simple"},"_links":{"self":[{"href":"https:\/\/abinox-chr-clim.com\/index.php\/wp-json\/wp\/v2\/product\/66267","targetHints":{"allow":["GET"]}}],"collection":[{"href":"https:\/\/abinox-chr-clim.com\/index.php\/wp-json\/wp\/v2\/product"}],"about":[{"href":"https:\/\/abinox-chr-clim.com\/index.php\/wp-json\/wp\/v2\/types\/product"}],"replies":[{"embeddable":true,"href":"https:\/\/abinox-chr-clim.com\/index.php\/wp-json\/wp\/v2\/comments?post=66267"}],"wp:featuredmedia":[{"embeddable":true,"href":"https:\/\/abinox-chr-clim.com\/index.php\/wp-json\/wp\/v2\/media\/92034"}],"wp:attachment":[{"href":"https:\/\/abinox-chr-clim.com\/index.php\/wp-json\/wp\/v2\/media?parent=66267"}],"wp:term":[{"taxonomy":"product_brand","embeddable":true,"href":"https:\/\/abinox-chr-clim.com\/index.php\/wp-json\/wp\/v2\/product_brand?post=66267"},{"taxonomy":"product_cat","embeddable":true,"href":"https:\/\/abinox-chr-clim.com\/index.php\/wp-json\/wp\/v2\/product_cat?post=66267"},{"taxonomy":"product_tag","embeddable":true,"href":"https:\/\/abinox-chr-clim.com\/index.php\/wp-json\/wp\/v2\/product_tag?post=66267"}],"curies":[{"name":"wp","href":"https:\/\/api.w.org\/{rel}","templated":true}]}}