{"id":66252,"date":"2024-03-22T15:22:58","date_gmt":"2024-03-22T14:22:58","guid":{"rendered":"https:\/\/abinox-chr-clim.com\/index.php\/product\/casserole-triple-paroi-cuivre-induction-vogue-160mm\/"},"modified":"2026-04-14T10:34:04","modified_gmt":"2026-04-14T08:34:04","slug":"casserole-triple-paroi-cuivre-induction-vogue-160mm","status":"publish","type":"product","link":"https:\/\/abinox-chr-clim.com\/index.php\/product\/casserole-triple-paroi-cuivre-induction-vogue-160mm\/","title":{"rendered":"Casserole triple paroi cuivre induction Vogue 160mm"},"content":{"rendered":"<p>Mat\u00e9riaux Aluminium\/ Acier inoxydable\/ Cuivre. Compatible induction &#8211; s\u00fbr et \u00e9conome en \u00e9nergie. Fournit une r\u00e9partition uniforme de la chaleur sans points chauds pour une excellente performance. Manche rivet\u00e9 non conducteur de chaleur. Ne va pas au lave-vaisselle. Couvercle non inclus. Compatible avec le couvercle Y423. Construction en aluminium (1,5 mm), en acier inoxydable 430 (0,6 mm) et en cuivre (0,4 mm).Mat\u00e9riaux Aluminium\/ Acier inoxydable\/ Cuivre.<\/p>\n<p>Caract\u00e9ristiques :<br \/> Capacit\u00e9 : 1,5 L.<br \/> Dimensions : 70(H) x 160(\u00d8) mm.<br \/> Mati\u00e8re : Acier aluminis\u00e9\/ cuivre<\/p>\n","protected":false},"excerpt":{"rendered":"<p>Casserole triple paroi cuivre induction Vogue 160mm<\/p>\n","protected":false},"featured_media":86341,"comment_status":"closed","ping_status":"closed","template":"","meta":[],"product_brand":[],"product_cat":[1065,1064,1066,1297],"product_tag":[],"class_list":{"0":"post-66252","1":"product","2":"type-product","3":"status-publish","4":"has-post-thumbnail","6":"product_cat-batterie-et-platerie-de-cuisine","7":"product_cat-cuisine","8":"product_cat-marmites-et-casseroles","9":"product_cat-non-palettisable","10":"product_shipping_class-free-shipping","12":"first","13":"instock","14":"featured","15":"taxable","16":"shipping-taxable","17":"purchasable","18":"product-type-simple"},"_links":{"self":[{"href":"https:\/\/abinox-chr-clim.com\/index.php\/wp-json\/wp\/v2\/product\/66252","targetHints":{"allow":["GET"]}}],"collection":[{"href":"https:\/\/abinox-chr-clim.com\/index.php\/wp-json\/wp\/v2\/product"}],"about":[{"href":"https:\/\/abinox-chr-clim.com\/index.php\/wp-json\/wp\/v2\/types\/product"}],"replies":[{"embeddable":true,"href":"https:\/\/abinox-chr-clim.com\/index.php\/wp-json\/wp\/v2\/comments?post=66252"}],"wp:featuredmedia":[{"embeddable":true,"href":"https:\/\/abinox-chr-clim.com\/index.php\/wp-json\/wp\/v2\/media\/86341"}],"wp:attachment":[{"href":"https:\/\/abinox-chr-clim.com\/index.php\/wp-json\/wp\/v2\/media?parent=66252"}],"wp:term":[{"taxonomy":"product_brand","embeddable":true,"href":"https:\/\/abinox-chr-clim.com\/index.php\/wp-json\/wp\/v2\/product_brand?post=66252"},{"taxonomy":"product_cat","embeddable":true,"href":"https:\/\/abinox-chr-clim.com\/index.php\/wp-json\/wp\/v2\/product_cat?post=66252"},{"taxonomy":"product_tag","embeddable":true,"href":"https:\/\/abinox-chr-clim.com\/index.php\/wp-json\/wp\/v2\/product_tag?post=66252"}],"curies":[{"name":"wp","href":"https:\/\/api.w.org\/{rel}","templated":true}]}}