{"id":66242,"date":"2024-03-22T15:22:54","date_gmt":"2024-03-22T14:22:54","guid":{"rendered":"https:\/\/abinox-chr-clim.com\/index.php\/product\/poele-en-cuivre-3-couches-induction-vogue-240mm\/"},"modified":"2026-04-02T09:27:21","modified_gmt":"2026-04-02T07:27:21","slug":"poele-en-cuivre-3-couches-induction-vogue-240mm","status":"publish","type":"product","link":"https:\/\/abinox-chr-clim.com\/index.php\/product\/poele-en-cuivre-3-couches-induction-vogue-240mm\/","title":{"rendered":"Po\u00eale en cuivre 3 couches induction Vogue 240mm"},"content":{"rendered":"<p>Fournit une r\u00e9partition uniforme de la chaleur sans points chauds pour de grandes performances. Ext\u00e9rieur cuivre poli brillant r\u00e9sistant et int\u00e9rieur finition bross\u00e9e. Queue rivet\u00e9e pour une prise confortable. Compatible tous feux dont induction. Dimensions 240(\u00d8)x50(H)mm. Epaisseur 2,5mm. Poids : 1.08kg. Aluminium, acier inoxydable et cuivre. Non compatible lave-vaisselle. Fournit une r\u00e9partition uniforme de la chaleur sans points chauds pour de grandes performances.<\/p>\n<p>Caract\u00e9ristiques :<br \/> Capacit\u00e9 : 2,5 L.<br \/> Dimensions : 50(H) x 240(\u00d8) mm.<br \/> Mati\u00e8re : Aluminium, acier inoxydable et cuivre.<br \/> Couleur : Cuivre.<\/p>\n","protected":false},"excerpt":{"rendered":"<p>Po\u00eale en cuivre 3 couches induction Vogue 240mm<\/p>\n","protected":false},"featured_media":84851,"comment_status":"closed","ping_status":"closed","template":"","meta":[],"product_brand":[],"product_cat":[1065,1064,1066,1297],"product_tag":[],"class_list":{"0":"post-66242","1":"product","2":"type-product","3":"status-publish","4":"has-post-thumbnail","6":"product_cat-batterie-et-platerie-de-cuisine","7":"product_cat-cuisine","8":"product_cat-marmites-et-casseroles","9":"product_cat-non-palettisable","10":"product_shipping_class-free-shipping","12":"first","13":"instock","14":"featured","15":"taxable","16":"shipping-taxable","17":"purchasable","18":"product-type-simple"},"_links":{"self":[{"href":"https:\/\/abinox-chr-clim.com\/index.php\/wp-json\/wp\/v2\/product\/66242","targetHints":{"allow":["GET"]}}],"collection":[{"href":"https:\/\/abinox-chr-clim.com\/index.php\/wp-json\/wp\/v2\/product"}],"about":[{"href":"https:\/\/abinox-chr-clim.com\/index.php\/wp-json\/wp\/v2\/types\/product"}],"replies":[{"embeddable":true,"href":"https:\/\/abinox-chr-clim.com\/index.php\/wp-json\/wp\/v2\/comments?post=66242"}],"wp:featuredmedia":[{"embeddable":true,"href":"https:\/\/abinox-chr-clim.com\/index.php\/wp-json\/wp\/v2\/media\/84851"}],"wp:attachment":[{"href":"https:\/\/abinox-chr-clim.com\/index.php\/wp-json\/wp\/v2\/media?parent=66242"}],"wp:term":[{"taxonomy":"product_brand","embeddable":true,"href":"https:\/\/abinox-chr-clim.com\/index.php\/wp-json\/wp\/v2\/product_brand?post=66242"},{"taxonomy":"product_cat","embeddable":true,"href":"https:\/\/abinox-chr-clim.com\/index.php\/wp-json\/wp\/v2\/product_cat?post=66242"},{"taxonomy":"product_tag","embeddable":true,"href":"https:\/\/abinox-chr-clim.com\/index.php\/wp-json\/wp\/v2\/product_tag?post=66242"}],"curies":[{"name":"wp","href":"https:\/\/api.w.org\/{rel}","templated":true}]}}