{"id":66237,"date":"2024-03-22T15:22:52","date_gmt":"2024-03-22T14:22:52","guid":{"rendered":"https:\/\/abinox-chr-clim.com\/index.php\/product\/mini-plat-rond-2-poignees-comas-120-mm\/"},"modified":"2026-04-23T09:43:01","modified_gmt":"2026-04-23T07:43:01","slug":"mini-plat-rond-2-poignees-comas-120-mm","status":"publish","type":"product","link":"https:\/\/abinox-chr-clim.com\/index.php\/product\/mini-plat-rond-2-poignees-comas-120-mm\/","title":{"rendered":"Mini plat rond 2 poign\u00e9es Comas 120 mm"},"content":{"rendered":"<p>Les mini plats Comas sont parfaits pour les tapas, accompagnements et plats \u00e0 partager. Les miniatures sont n\u00e9es d&rsquo;une volont\u00e9 de r\u00e9volutionner la pr\u00e9sentation de vos cr\u00e9ations et ne manqueront pas de surprendre et ravir vos clients. Le mat\u00e9riau en fonte solide est adapt\u00e9 pour une utilisation au four et permet une pr\u00e9sentation traditionnelle de vos tapas et autres mini sp\u00e9cialit\u00e9s.<br \/>Fonte. Compatible four. Laver \u00e0 l&rsquo;eau et au savon avant la premi\u00e8re utilisation. Pour prolonger la dur\u00e9e de vie de la cocotte, proc\u00e9dez \u00e0 un culottage. Apr\u00e8s utilisation, laisser refroidir avant de laver \u00e0 la main. Les articles en fonte Comas ne sont pas antiadh\u00e9sifs et ne passent pas au lave-vaisselle.Cuisinez et pr\u00e9sentez dans le m\u00eame plat. Fonte.<\/p>\n<p>Caract\u00e9ristiques :<br \/> Mati\u00e8re : Fonte<\/p>\n","protected":false},"excerpt":{"rendered":"<p>Mini plat rond 2 poign\u00e9es Comas 120 mm<\/p>\n","protected":false},"featured_media":83816,"comment_status":"closed","ping_status":"closed","template":"","meta":[],"product_brand":[],"product_cat":[1065,1064,1066,1297],"product_tag":[],"class_list":{"0":"post-66237","1":"product","2":"type-product","3":"status-publish","4":"has-post-thumbnail","6":"product_cat-batterie-et-platerie-de-cuisine","7":"product_cat-cuisine","8":"product_cat-marmites-et-casseroles","9":"product_cat-non-palettisable","10":"product_shipping_class-free-shipping","12":"first","13":"instock","14":"featured","15":"taxable","16":"shipping-taxable","17":"purchasable","18":"product-type-simple"},"_links":{"self":[{"href":"https:\/\/abinox-chr-clim.com\/index.php\/wp-json\/wp\/v2\/product\/66237","targetHints":{"allow":["GET"]}}],"collection":[{"href":"https:\/\/abinox-chr-clim.com\/index.php\/wp-json\/wp\/v2\/product"}],"about":[{"href":"https:\/\/abinox-chr-clim.com\/index.php\/wp-json\/wp\/v2\/types\/product"}],"replies":[{"embeddable":true,"href":"https:\/\/abinox-chr-clim.com\/index.php\/wp-json\/wp\/v2\/comments?post=66237"}],"wp:featuredmedia":[{"embeddable":true,"href":"https:\/\/abinox-chr-clim.com\/index.php\/wp-json\/wp\/v2\/media\/83816"}],"wp:attachment":[{"href":"https:\/\/abinox-chr-clim.com\/index.php\/wp-json\/wp\/v2\/media?parent=66237"}],"wp:term":[{"taxonomy":"product_brand","embeddable":true,"href":"https:\/\/abinox-chr-clim.com\/index.php\/wp-json\/wp\/v2\/product_brand?post=66237"},{"taxonomy":"product_cat","embeddable":true,"href":"https:\/\/abinox-chr-clim.com\/index.php\/wp-json\/wp\/v2\/product_cat?post=66237"},{"taxonomy":"product_tag","embeddable":true,"href":"https:\/\/abinox-chr-clim.com\/index.php\/wp-json\/wp\/v2\/product_tag?post=66237"}],"curies":[{"name":"wp","href":"https:\/\/api.w.org\/{rel}","templated":true}]}}