{"id":66229,"date":"2024-03-22T15:22:50","date_gmt":"2024-03-22T14:22:50","guid":{"rendered":"https:\/\/abinox-chr-clim.com\/index.php\/product\/sauteuse-induction-conique-antiadhesive-vogue-200mm\/"},"modified":"2026-04-15T08:41:26","modified_gmt":"2026-04-15T06:41:26","slug":"sauteuse-induction-conique-antiadhesive-vogue-200mm","status":"publish","type":"product","link":"https:\/\/abinox-chr-clim.com\/index.php\/product\/sauteuse-induction-conique-antiadhesive-vogue-200mm\/","title":{"rendered":"Sauteuse induction conique antiadh\u00e9sive Vogue 200mm"},"content":{"rendered":"<p>Id\u00e9ale pour r\u00f4tir ou faire dorer les aliments, comme les l\u00e9gumes ou les morceaux de viande plus fins.<br \/>Rev\u00eatement antiadh\u00e9sif avanc\u00e9 Teflon Platinum Plus &#8211; r\u00e9duit les d\u00e9chets alimentaires et l&rsquo;utilisation d&rsquo;huile et de graisse. La conception en aluminium permet une meilleure r\u00e9partition de la chaleur &#8211; plus de points chauds. Ne va pas au lave-vaisselle. Convient \u00e0 la plupart des sources de chaleur, y compris l&rsquo;induction. Le rev\u00eatement est r\u00e9sistant aux rayures, ce qui permet de prolonger la dur\u00e9e de vie de la sauteuse. Poign\u00e9e solide et rivet\u00e9e, sans plastique, allant au four.  Rev\u00eatement antiadh\u00e9sif avanc\u00e9 Teflon Platinum Plus &#8211; r\u00e9duit les d\u00e9chets alimentaires et l&rsquo;utilisation d&rsquo;huile et de graisse.<\/p>\n<p>Caract\u00e9ristiques :<br \/> Capacit\u00e9 : 80 cl.<br \/> Dimensions : 78(H) x 200(\u00d8) mm.<br \/> Mati\u00e8re : Aluminium<\/p>\n","protected":false},"excerpt":{"rendered":"<p>Sauteuse induction conique antiadh\u00e9sive Vogue 200mm<\/p>\n","protected":false},"featured_media":80565,"comment_status":"closed","ping_status":"closed","template":"","meta":[],"product_brand":[],"product_cat":[1065,1064,1066,1297],"product_tag":[],"class_list":{"0":"post-66229","1":"product","2":"type-product","3":"status-publish","4":"has-post-thumbnail","6":"product_cat-batterie-et-platerie-de-cuisine","7":"product_cat-cuisine","8":"product_cat-marmites-et-casseroles","9":"product_cat-non-palettisable","10":"product_shipping_class-free-shipping","12":"first","13":"instock","14":"featured","15":"taxable","16":"shipping-taxable","17":"purchasable","18":"product-type-simple"},"_links":{"self":[{"href":"https:\/\/abinox-chr-clim.com\/index.php\/wp-json\/wp\/v2\/product\/66229","targetHints":{"allow":["GET"]}}],"collection":[{"href":"https:\/\/abinox-chr-clim.com\/index.php\/wp-json\/wp\/v2\/product"}],"about":[{"href":"https:\/\/abinox-chr-clim.com\/index.php\/wp-json\/wp\/v2\/types\/product"}],"replies":[{"embeddable":true,"href":"https:\/\/abinox-chr-clim.com\/index.php\/wp-json\/wp\/v2\/comments?post=66229"}],"wp:featuredmedia":[{"embeddable":true,"href":"https:\/\/abinox-chr-clim.com\/index.php\/wp-json\/wp\/v2\/media\/80565"}],"wp:attachment":[{"href":"https:\/\/abinox-chr-clim.com\/index.php\/wp-json\/wp\/v2\/media?parent=66229"}],"wp:term":[{"taxonomy":"product_brand","embeddable":true,"href":"https:\/\/abinox-chr-clim.com\/index.php\/wp-json\/wp\/v2\/product_brand?post=66229"},{"taxonomy":"product_cat","embeddable":true,"href":"https:\/\/abinox-chr-clim.com\/index.php\/wp-json\/wp\/v2\/product_cat?post=66229"},{"taxonomy":"product_tag","embeddable":true,"href":"https:\/\/abinox-chr-clim.com\/index.php\/wp-json\/wp\/v2\/product_tag?post=66229"}],"curies":[{"name":"wp","href":"https:\/\/api.w.org\/{rel}","templated":true}]}}