{"id":66225,"date":"2024-03-22T15:22:49","date_gmt":"2024-03-22T14:22:49","guid":{"rendered":"https:\/\/abinox-chr-clim.com\/index.php\/product\/poele-antiadhesive-induction-vogue-200mm\/"},"modified":"2026-04-14T08:35:17","modified_gmt":"2026-04-14T06:35:17","slug":"poele-antiadhesive-induction-vogue-200mm","status":"publish","type":"product","link":"https:\/\/abinox-chr-clim.com\/index.php\/product\/poele-antiadhesive-induction-vogue-200mm\/","title":{"rendered":"Po\u00eale antiadh\u00e9sive induction Vogue 200mm"},"content":{"rendered":"<p>Po\u00eale antiadh\u00e9sive compatible induction pour une cuisson rapide et uniforme.<br \/>Rev\u00eatement Teflon Platinum Plus. Trou de suspension en haut de la queue.Incompatible lave-vaisselle.Rev\u00eatement Teflon Platinum Plus.<\/p>\n<p>Caract\u00e9ristiques :<br \/> Capacit\u00e9 : 80 cl.<br \/> Dimensions : 35(H) x 200(\u00d8) mm.<br \/> Mati\u00e8re : Aluminium<\/p>\n","protected":false},"excerpt":{"rendered":"<p>Po\u00eale antiadh\u00e9sive induction Vogue 200mm<\/p>\n","protected":false},"featured_media":105033,"comment_status":"closed","ping_status":"closed","template":"","meta":[],"product_brand":[],"product_cat":[1065,1064,1066,1297],"product_tag":[],"class_list":{"0":"post-66225","1":"product","2":"type-product","3":"status-publish","4":"has-post-thumbnail","6":"product_cat-batterie-et-platerie-de-cuisine","7":"product_cat-cuisine","8":"product_cat-marmites-et-casseroles","9":"product_cat-non-palettisable","10":"product_shipping_class-free-shipping","12":"first","13":"instock","14":"featured","15":"taxable","16":"shipping-taxable","17":"purchasable","18":"product-type-simple"},"_links":{"self":[{"href":"https:\/\/abinox-chr-clim.com\/index.php\/wp-json\/wp\/v2\/product\/66225","targetHints":{"allow":["GET"]}}],"collection":[{"href":"https:\/\/abinox-chr-clim.com\/index.php\/wp-json\/wp\/v2\/product"}],"about":[{"href":"https:\/\/abinox-chr-clim.com\/index.php\/wp-json\/wp\/v2\/types\/product"}],"replies":[{"embeddable":true,"href":"https:\/\/abinox-chr-clim.com\/index.php\/wp-json\/wp\/v2\/comments?post=66225"}],"wp:featuredmedia":[{"embeddable":true,"href":"https:\/\/abinox-chr-clim.com\/index.php\/wp-json\/wp\/v2\/media\/105033"}],"wp:attachment":[{"href":"https:\/\/abinox-chr-clim.com\/index.php\/wp-json\/wp\/v2\/media?parent=66225"}],"wp:term":[{"taxonomy":"product_brand","embeddable":true,"href":"https:\/\/abinox-chr-clim.com\/index.php\/wp-json\/wp\/v2\/product_brand?post=66225"},{"taxonomy":"product_cat","embeddable":true,"href":"https:\/\/abinox-chr-clim.com\/index.php\/wp-json\/wp\/v2\/product_cat?post=66225"},{"taxonomy":"product_tag","embeddable":true,"href":"https:\/\/abinox-chr-clim.com\/index.php\/wp-json\/wp\/v2\/product_tag?post=66225"}],"curies":[{"name":"wp","href":"https:\/\/api.w.org\/{rel}","templated":true}]}}