{"id":66202,"date":"2024-03-22T15:04:29","date_gmt":"2024-03-22T14:04:29","guid":{"rendered":"https:\/\/abinox-chr-clim.com\/index.php\/product\/verres-a-pied-empilables-trempes-arcoroc-amelia-250ml-lot-de-12\/"},"modified":"2026-04-23T09:29:46","modified_gmt":"2026-04-23T07:29:46","slug":"verres-a-pied-empilables-trempes-arcoroc-amelia-250ml-lot-de-12","status":"publish","type":"product","link":"https:\/\/abinox-chr-clim.com\/index.php\/product\/verres-a-pied-empilables-trempes-arcoroc-amelia-250ml-lot-de-12\/","title":{"rendered":"Verres \u00e0 pied empilables tremp\u00e9s Arcoroc Am\u00e9lia 250ml (Lot de 12)"},"content":{"rendered":"<p>En verre tremp\u00e9, les verres \u00e0 pied empilables de la gamme Am\u00e9lia Arcoroc repr\u00e9sentent un classique de la verrerie &#8211; design iconique et polyvalent.<br \/>Fabrication en verre tremp\u00e9 r\u00e9sistant et s\u00fbr. Se brise en \u00e9clats non tranchants dans l&rsquo;\u00e9ventualit\u00e9 peu probable d&rsquo;une casse. Design iconique. Jambe courte et \u00e9paisse. Sans jauge.  Fabrication en verre tremp\u00e9 r\u00e9sistant et s\u00fbr.<\/p>\n<p>Caract\u00e9ristiques :<br \/>Lot : 12.<br \/> Capacit\u00e9 : 25 cl.<br \/> Dimensions : 115(H) mm.<br \/> Mati\u00e8re : Verre.<br \/> Couleur : Transparent.<\/p>\n","protected":false},"excerpt":{"rendered":"<p>Verres \u00e0 pied empilables tremp\u00e9s Arcoroc Am\u00e9lia 250ml (Lot de 12)<\/p>\n","protected":false},"featured_media":96886,"comment_status":"closed","ping_status":"closed","template":"","meta":[],"product_brand":[],"product_cat":[1023,1297,1051,1063],"product_tag":[],"class_list":{"0":"post-66202","1":"product","2":"type-product","3":"status-publish","4":"has-post-thumbnail","6":"product_cat-art-de-la-table","7":"product_cat-non-palettisable","8":"product_cat-verrerie","9":"product_cat-vin","10":"product_shipping_class-free-shipping","12":"first","13":"instock","14":"featured","15":"taxable","16":"shipping-taxable","17":"purchasable","18":"product-type-simple"},"_links":{"self":[{"href":"https:\/\/abinox-chr-clim.com\/index.php\/wp-json\/wp\/v2\/product\/66202","targetHints":{"allow":["GET"]}}],"collection":[{"href":"https:\/\/abinox-chr-clim.com\/index.php\/wp-json\/wp\/v2\/product"}],"about":[{"href":"https:\/\/abinox-chr-clim.com\/index.php\/wp-json\/wp\/v2\/types\/product"}],"replies":[{"embeddable":true,"href":"https:\/\/abinox-chr-clim.com\/index.php\/wp-json\/wp\/v2\/comments?post=66202"}],"wp:featuredmedia":[{"embeddable":true,"href":"https:\/\/abinox-chr-clim.com\/index.php\/wp-json\/wp\/v2\/media\/96886"}],"wp:attachment":[{"href":"https:\/\/abinox-chr-clim.com\/index.php\/wp-json\/wp\/v2\/media?parent=66202"}],"wp:term":[{"taxonomy":"product_brand","embeddable":true,"href":"https:\/\/abinox-chr-clim.com\/index.php\/wp-json\/wp\/v2\/product_brand?post=66202"},{"taxonomy":"product_cat","embeddable":true,"href":"https:\/\/abinox-chr-clim.com\/index.php\/wp-json\/wp\/v2\/product_cat?post=66202"},{"taxonomy":"product_tag","embeddable":true,"href":"https:\/\/abinox-chr-clim.com\/index.php\/wp-json\/wp\/v2\/product_tag?post=66202"}],"curies":[{"name":"wp","href":"https:\/\/api.w.org\/{rel}","templated":true}]}}