{"id":66199,"date":"2024-03-22T15:04:28","date_gmt":"2024-03-22T14:04:28","guid":{"rendered":"https:\/\/abinox-chr-clim.com\/index.php\/product\/verres-a-vin-arcoroc-elegance-190ml-lot-de-12\/"},"modified":"2026-04-14T10:12:23","modified_gmt":"2026-04-14T08:12:23","slug":"verres-a-vin-arcoroc-elegance-190ml-lot-de-12","status":"publish","type":"product","link":"https:\/\/abinox-chr-clim.com\/index.php\/product\/verres-a-vin-arcoroc-elegance-190ml-lot-de-12\/","title":{"rendered":"Verres \u00e0 vin Arcoroc Elegance 190ml (Lot de 12)"},"content":{"rendered":"<p>Combinant un design traditionnel et \u00e9l\u00e9gant, les verres Arcoroc de la gamme bien nomm\u00e9e Elegance sont le compl\u00e9ment id\u00e9al \u00e0 tout \u00e9tablissement soucieux de son style.<br \/>Dimensions : 151(H) x 68(\u00d8) mm. Design traditionnel et \u00e9l\u00e9gant. Jambe fine. Sans jauge. Dimensions : 151(H) x 68(\u00d8) mm.<\/p>\n<p>Caract\u00e9ristiques :<br \/>Lot : 12.<br \/> Capacit\u00e9 : 19 cl.<br \/> Dimensions : 151(H) x 68(\u00d8) mm.<br \/> Mati\u00e8re : Verre.<br \/> Couleur : Transparent.<\/p>\n","protected":false},"excerpt":{"rendered":"<p>Verres \u00e0 vin Arcoroc Elegance 190ml (Lot de 12)<\/p>\n","protected":false},"featured_media":93828,"comment_status":"closed","ping_status":"closed","template":"","meta":[],"product_brand":[],"product_cat":[1023,1297,1051,1063],"product_tag":[],"class_list":{"0":"post-66199","1":"product","2":"type-product","3":"status-publish","4":"has-post-thumbnail","6":"product_cat-art-de-la-table","7":"product_cat-non-palettisable","8":"product_cat-verrerie","9":"product_cat-vin","10":"product_shipping_class-free-shipping","12":"first","13":"instock","14":"featured","15":"taxable","16":"shipping-taxable","17":"purchasable","18":"product-type-simple"},"_links":{"self":[{"href":"https:\/\/abinox-chr-clim.com\/index.php\/wp-json\/wp\/v2\/product\/66199","targetHints":{"allow":["GET"]}}],"collection":[{"href":"https:\/\/abinox-chr-clim.com\/index.php\/wp-json\/wp\/v2\/product"}],"about":[{"href":"https:\/\/abinox-chr-clim.com\/index.php\/wp-json\/wp\/v2\/types\/product"}],"replies":[{"embeddable":true,"href":"https:\/\/abinox-chr-clim.com\/index.php\/wp-json\/wp\/v2\/comments?post=66199"}],"wp:featuredmedia":[{"embeddable":true,"href":"https:\/\/abinox-chr-clim.com\/index.php\/wp-json\/wp\/v2\/media\/93828"}],"wp:attachment":[{"href":"https:\/\/abinox-chr-clim.com\/index.php\/wp-json\/wp\/v2\/media?parent=66199"}],"wp:term":[{"taxonomy":"product_brand","embeddable":true,"href":"https:\/\/abinox-chr-clim.com\/index.php\/wp-json\/wp\/v2\/product_brand?post=66199"},{"taxonomy":"product_cat","embeddable":true,"href":"https:\/\/abinox-chr-clim.com\/index.php\/wp-json\/wp\/v2\/product_cat?post=66199"},{"taxonomy":"product_tag","embeddable":true,"href":"https:\/\/abinox-chr-clim.com\/index.php\/wp-json\/wp\/v2\/product_tag?post=66199"}],"curies":[{"name":"wp","href":"https:\/\/api.w.org\/{rel}","templated":true}]}}