{"id":66191,"date":"2024-03-22T15:04:25","date_gmt":"2024-03-22T14:04:25","guid":{"rendered":"https:\/\/abinox-chr-clim.com\/index.php\/product\/verres-a-vin-mendoza-olympia-455ml-lot-de-6\/"},"modified":"2025-06-30T11:19:01","modified_gmt":"2025-06-30T09:19:01","slug":"verres-a-vin-mendoza-olympia-455ml-lot-de-6","status":"publish","type":"product","link":"https:\/\/abinox-chr-clim.com\/index.php\/product\/verres-a-vin-mendoza-olympia-455ml-lot-de-6\/","title":{"rendered":"Verres \u00e0 vin Mendoza Olympia 455ml (lot de 6)"},"content":{"rendered":"<p>Verres \u00e0 vin \u00e9l\u00e9gants et durables aux courbes classiques, avec des buvants fins pour un service haut de gamme \u00e0 prix raisonnable.<br \/>Un grand calice permet aux saveurs de se d\u00e9velopper. Con\u00e7us pour les rouges plus cors\u00e9s. Tige longue pour une prise en main facile, \u00e9vitant les traces sur le calice et le r\u00e9chauffement du vin. Conception en verre robuste. Buvant fin pour une sensation \u00e9l\u00e9gante. Pas de marquage CE. Compatible lave-verres.Un grand calice permet aux saveurs de se d\u00e9velopper.<\/p>\n<p>Caract\u00e9ristiques :<br \/>Lot : 6.<br \/> Capacit\u00e9 : 45,5 cl.<br \/> Dimensions : 217(H) x 87(\u00d8) mm.<br \/> Mati\u00e8re : Savon.<br \/> Couleur : Transparent.<\/p>\n","protected":false},"excerpt":{"rendered":"<p>Verres \u00e0 vin Mendoza Olympia 455ml (lot de 6)<\/p>\n","protected":false},"featured_media":94191,"comment_status":"closed","ping_status":"closed","template":"","meta":[],"product_brand":[],"product_cat":[1023,1297,1051,1063],"product_tag":[],"class_list":{"0":"post-66191","1":"product","2":"type-product","3":"status-publish","4":"has-post-thumbnail","6":"product_cat-art-de-la-table","7":"product_cat-non-palettisable","8":"product_cat-verrerie","9":"product_cat-vin","10":"product_shipping_class-free-shipping","12":"first","13":"outofstock","14":"featured","15":"taxable","16":"shipping-taxable","17":"purchasable","18":"product-type-simple"},"_links":{"self":[{"href":"https:\/\/abinox-chr-clim.com\/index.php\/wp-json\/wp\/v2\/product\/66191","targetHints":{"allow":["GET"]}}],"collection":[{"href":"https:\/\/abinox-chr-clim.com\/index.php\/wp-json\/wp\/v2\/product"}],"about":[{"href":"https:\/\/abinox-chr-clim.com\/index.php\/wp-json\/wp\/v2\/types\/product"}],"replies":[{"embeddable":true,"href":"https:\/\/abinox-chr-clim.com\/index.php\/wp-json\/wp\/v2\/comments?post=66191"}],"wp:featuredmedia":[{"embeddable":true,"href":"https:\/\/abinox-chr-clim.com\/index.php\/wp-json\/wp\/v2\/media\/94191"}],"wp:attachment":[{"href":"https:\/\/abinox-chr-clim.com\/index.php\/wp-json\/wp\/v2\/media?parent=66191"}],"wp:term":[{"taxonomy":"product_brand","embeddable":true,"href":"https:\/\/abinox-chr-clim.com\/index.php\/wp-json\/wp\/v2\/product_brand?post=66191"},{"taxonomy":"product_cat","embeddable":true,"href":"https:\/\/abinox-chr-clim.com\/index.php\/wp-json\/wp\/v2\/product_cat?post=66191"},{"taxonomy":"product_tag","embeddable":true,"href":"https:\/\/abinox-chr-clim.com\/index.php\/wp-json\/wp\/v2\/product_tag?post=66191"}],"curies":[{"name":"wp","href":"https:\/\/api.w.org\/{rel}","templated":true}]}}