{"id":66189,"date":"2024-03-22T15:04:24","date_gmt":"2024-03-22T14:04:24","guid":{"rendered":"https:\/\/abinox-chr-clim.com\/index.php\/product\/verres-a-vin-mendoza-olympia-370ml-lot-de-6\/"},"modified":"2025-06-30T11:18:59","modified_gmt":"2025-06-30T09:18:59","slug":"verres-a-vin-mendoza-olympia-370ml-lot-de-6","status":"publish","type":"product","link":"https:\/\/abinox-chr-clim.com\/index.php\/product\/verres-a-vin-mendoza-olympia-370ml-lot-de-6\/","title":{"rendered":"Verres \u00e0 vin Mendoza Olympia 370ml (lot de 6)"},"content":{"rendered":"<p>Verres \u00e0 vin \u00e9l\u00e9gants et durables aux courbes classiques, avec des buvants fins pour un service haut de gamme \u00e0 prix raisonnable.<br \/>Id\u00e9al pour les rouges, blancs et ros\u00e9s l\u00e9gers. Buvant fin pour une sensation \u00e9l\u00e9gante. Tige longue pour une prise en main facile, \u00e9vitant les traces sur le calice et le r\u00e9chauffement du vin. Conception en verre robuste. Pas de marquage CE. Compatible lave-verres.  Id\u00e9al pour les rouges, blancs et ros\u00e9s l\u00e9gers.<\/p>\n<p>Caract\u00e9ristiques :<br \/>Lot : 6.<br \/> Capacit\u00e9 : 37 cl.<br \/> Dimensions : 203(H) x 83(\u00d8) mm.<br \/> Mati\u00e8re : Savon.<br \/> Couleur : Transparent.<\/p>\n","protected":false},"excerpt":{"rendered":"<p>Verres \u00e0 vin Mendoza Olympia 370ml (lot de 6)<\/p>\n","protected":false},"featured_media":94206,"comment_status":"closed","ping_status":"closed","template":"","meta":[],"product_brand":[],"product_cat":[1023,1297,1051,1063],"product_tag":[],"class_list":{"0":"post-66189","1":"product","2":"type-product","3":"status-publish","4":"has-post-thumbnail","6":"product_cat-art-de-la-table","7":"product_cat-non-palettisable","8":"product_cat-verrerie","9":"product_cat-vin","10":"product_shipping_class-free-shipping","12":"first","13":"outofstock","14":"featured","15":"taxable","16":"shipping-taxable","17":"purchasable","18":"product-type-simple"},"_links":{"self":[{"href":"https:\/\/abinox-chr-clim.com\/index.php\/wp-json\/wp\/v2\/product\/66189","targetHints":{"allow":["GET"]}}],"collection":[{"href":"https:\/\/abinox-chr-clim.com\/index.php\/wp-json\/wp\/v2\/product"}],"about":[{"href":"https:\/\/abinox-chr-clim.com\/index.php\/wp-json\/wp\/v2\/types\/product"}],"replies":[{"embeddable":true,"href":"https:\/\/abinox-chr-clim.com\/index.php\/wp-json\/wp\/v2\/comments?post=66189"}],"wp:featuredmedia":[{"embeddable":true,"href":"https:\/\/abinox-chr-clim.com\/index.php\/wp-json\/wp\/v2\/media\/94206"}],"wp:attachment":[{"href":"https:\/\/abinox-chr-clim.com\/index.php\/wp-json\/wp\/v2\/media?parent=66189"}],"wp:term":[{"taxonomy":"product_brand","embeddable":true,"href":"https:\/\/abinox-chr-clim.com\/index.php\/wp-json\/wp\/v2\/product_brand?post=66189"},{"taxonomy":"product_cat","embeddable":true,"href":"https:\/\/abinox-chr-clim.com\/index.php\/wp-json\/wp\/v2\/product_cat?post=66189"},{"taxonomy":"product_tag","embeddable":true,"href":"https:\/\/abinox-chr-clim.com\/index.php\/wp-json\/wp\/v2\/product_tag?post=66189"}],"curies":[{"name":"wp","href":"https:\/\/api.w.org\/{rel}","templated":true}]}}