{"id":66181,"date":"2024-03-22T15:04:22","date_gmt":"2024-03-22T14:04:22","guid":{"rendered":"https:\/\/abinox-chr-clim.com\/index.php\/product\/verres-a-vin-utopia-reserva-350ml-lot-de-24\/"},"modified":"2026-04-15T10:19:15","modified_gmt":"2026-04-15T08:19:15","slug":"verres-a-vin-utopia-reserva-350ml-lot-de-24","status":"publish","type":"product","link":"https:\/\/abinox-chr-clim.com\/index.php\/product\/verres-a-vin-utopia-reserva-350ml-lot-de-24\/","title":{"rendered":"Verres \u00e0 vin Utopia Reserva 350ml (lot de 24)"},"content":{"rendered":"<p>Verrerie con\u00e7ue pour les lieux \u00e0 forte fr\u00e9quentation. Les parois \u00e9paisses et les pieds r\u00e9sistent \u00e0 la casse et aux cycles de lavage r\u00e9p\u00e9t\u00e9s. Parfait pour les h\u00f4tels \u00e0 grand volume, les entreprises de restauration et l&rsquo;\u00e9v\u00e8nementiel.<br \/>Parois et tiges \u00e9paisses. Compatibles lave-vaisselle professionnel. Con\u00e7us pour r\u00e9sister aux environnements commerciaux. Passent au lave-verres.Poids par pi\u00e8ce : 21,8 g. Parois et tiges \u00e9paisses.<\/p>\n<p>Caract\u00e9ristiques :<br \/>Lot : 24.<br \/> Capacit\u00e9 : 35 cl.<br \/> Dimensions : 205(H) x 80(\u00d8) mm.<br \/> Mati\u00e8re : Verre.<br \/> Couleur : Transparent.<\/p>\n","protected":false},"excerpt":{"rendered":"<p>Verres \u00e0 vin Utopia Reserva 350ml (lot de 24)<\/p>\n","protected":false},"featured_media":103008,"comment_status":"closed","ping_status":"closed","template":"","meta":[],"product_brand":[],"product_cat":[1023,1297,1051,1063],"product_tag":[],"class_list":{"0":"post-66181","1":"product","2":"type-product","3":"status-publish","4":"has-post-thumbnail","6":"product_cat-art-de-la-table","7":"product_cat-non-palettisable","8":"product_cat-verrerie","9":"product_cat-vin","10":"product_shipping_class-free-shipping","12":"first","13":"outofstock","14":"featured","15":"taxable","16":"shipping-taxable","17":"purchasable","18":"product-type-simple"},"_links":{"self":[{"href":"https:\/\/abinox-chr-clim.com\/index.php\/wp-json\/wp\/v2\/product\/66181","targetHints":{"allow":["GET"]}}],"collection":[{"href":"https:\/\/abinox-chr-clim.com\/index.php\/wp-json\/wp\/v2\/product"}],"about":[{"href":"https:\/\/abinox-chr-clim.com\/index.php\/wp-json\/wp\/v2\/types\/product"}],"replies":[{"embeddable":true,"href":"https:\/\/abinox-chr-clim.com\/index.php\/wp-json\/wp\/v2\/comments?post=66181"}],"wp:featuredmedia":[{"embeddable":true,"href":"https:\/\/abinox-chr-clim.com\/index.php\/wp-json\/wp\/v2\/media\/103008"}],"wp:attachment":[{"href":"https:\/\/abinox-chr-clim.com\/index.php\/wp-json\/wp\/v2\/media?parent=66181"}],"wp:term":[{"taxonomy":"product_brand","embeddable":true,"href":"https:\/\/abinox-chr-clim.com\/index.php\/wp-json\/wp\/v2\/product_brand?post=66181"},{"taxonomy":"product_cat","embeddable":true,"href":"https:\/\/abinox-chr-clim.com\/index.php\/wp-json\/wp\/v2\/product_cat?post=66181"},{"taxonomy":"product_tag","embeddable":true,"href":"https:\/\/abinox-chr-clim.com\/index.php\/wp-json\/wp\/v2\/product_tag?post=66181"}],"curies":[{"name":"wp","href":"https:\/\/api.w.org\/{rel}","templated":true}]}}