{"id":66177,"date":"2024-03-22T15:04:21","date_gmt":"2024-03-22T14:04:21","guid":{"rendered":"https:\/\/abinox-chr-clim.com\/index.php\/product\/verres-a-vin-imperial-utopia-340ml-jauges-a-125ml-175ml-et-250ml-lot-de-12\/"},"modified":"2026-04-14T10:33:19","modified_gmt":"2026-04-14T08:33:19","slug":"verres-a-vin-imperial-utopia-340ml-jauges-a-125ml-175ml-et-250ml-lot-de-12","status":"publish","type":"product","link":"https:\/\/abinox-chr-clim.com\/index.php\/product\/verres-a-vin-imperial-utopia-340ml-jauges-a-125ml-175ml-et-250ml-lot-de-12\/","title":{"rendered":"Verres \u00e0 vin Imperial Utopia 340ml jaug\u00e9s \u00e0 125ml 175ml et 250ml (lot de 12)"},"content":{"rendered":"<p>Verres robustes con\u00e7us d&rsquo;une seule pi\u00e8ce. Plus r\u00e9sistants que les verres standards premiers prix. Lavable au lave-verres.<br \/>CE, 3 jauges \u00e0 125, 175 et 250ml. Un design \u00e9l\u00e9gant et styl\u00e9 ajoute une touche sophistiqu\u00e9e \u00e0 votre service de vin. Le pied aide \u00e0 minimiser le transfert de chaleur pour garder le vin frais plus longtemps. Permet de servir de g\u00e9n\u00e9reuses portions de vin. La compatibilit\u00e9 avec le lave-verres permet un nettoyage rapide et complet. Poids par pi\u00e8ce : 19g.  CE, 3 jauges \u00e0 125, 175 et 250ml.<\/p>\n<p>Caract\u00e9ristiques :<br \/>Lot : 12.<br \/> Capacit\u00e9 : 340ml.<br \/> Dimensions : 180(H) x 80(\u00d8) mm.<br \/> Mati\u00e8re : Verre.<br \/> Couleur : Transparent.<\/p>\n","protected":false},"excerpt":{"rendered":"<p>Verres \u00e0 vin Imperial Utopia 340ml jaug\u00e9s \u00e0 125ml 175ml et 250ml (lot de 12)<\/p>\n","protected":false},"featured_media":89558,"comment_status":"closed","ping_status":"closed","template":"","meta":[],"product_brand":[],"product_cat":[1023,1297,1051,1063],"product_tag":[],"class_list":{"0":"post-66177","1":"product","2":"type-product","3":"status-publish","4":"has-post-thumbnail","6":"product_cat-art-de-la-table","7":"product_cat-non-palettisable","8":"product_cat-verrerie","9":"product_cat-vin","10":"product_shipping_class-free-shipping","12":"first","13":"instock","14":"featured","15":"taxable","16":"shipping-taxable","17":"purchasable","18":"product-type-simple"},"_links":{"self":[{"href":"https:\/\/abinox-chr-clim.com\/index.php\/wp-json\/wp\/v2\/product\/66177","targetHints":{"allow":["GET"]}}],"collection":[{"href":"https:\/\/abinox-chr-clim.com\/index.php\/wp-json\/wp\/v2\/product"}],"about":[{"href":"https:\/\/abinox-chr-clim.com\/index.php\/wp-json\/wp\/v2\/types\/product"}],"replies":[{"embeddable":true,"href":"https:\/\/abinox-chr-clim.com\/index.php\/wp-json\/wp\/v2\/comments?post=66177"}],"wp:featuredmedia":[{"embeddable":true,"href":"https:\/\/abinox-chr-clim.com\/index.php\/wp-json\/wp\/v2\/media\/89558"}],"wp:attachment":[{"href":"https:\/\/abinox-chr-clim.com\/index.php\/wp-json\/wp\/v2\/media?parent=66177"}],"wp:term":[{"taxonomy":"product_brand","embeddable":true,"href":"https:\/\/abinox-chr-clim.com\/index.php\/wp-json\/wp\/v2\/product_brand?post=66177"},{"taxonomy":"product_cat","embeddable":true,"href":"https:\/\/abinox-chr-clim.com\/index.php\/wp-json\/wp\/v2\/product_cat?post=66177"},{"taxonomy":"product_tag","embeddable":true,"href":"https:\/\/abinox-chr-clim.com\/index.php\/wp-json\/wp\/v2\/product_tag?post=66177"}],"curies":[{"name":"wp","href":"https:\/\/api.w.org\/{rel}","templated":true}]}}