{"id":66174,"date":"2024-03-22T15:04:18","date_gmt":"2024-03-22T14:04:18","guid":{"rendered":"https:\/\/abinox-chr-clim.com\/index.php\/product\/verres-a-vin-blanc-arcoroc-magnifique-arcoroc-grands-cepages-350ml-lot-de-24\/"},"modified":"2026-04-23T08:55:15","modified_gmt":"2026-04-23T06:55:15","slug":"verres-a-vin-blanc-arcoroc-magnifique-arcoroc-grands-cepages-350ml-lot-de-24","status":"publish","type":"product","link":"https:\/\/abinox-chr-clim.com\/index.php\/product\/verres-a-vin-blanc-arcoroc-magnifique-arcoroc-grands-cepages-350ml-lot-de-24\/","title":{"rendered":"Verres \u00e0 vin blanc Arcoroc Magnifique Arcoroc Grands Cepages 350ml (lot de 24)"},"content":{"rendered":"<p>Dirige le vin vers les papilles pour permettre une meilleure d\u00e9gustation et s&rsquo;associe parfaitement \u00e0 une cuisine raffin\u00e9e. Tige et pied plat polis \u00e0 la flamme pour plus de stabilit\u00e9. Lavable au lave-verres.<br \/>Lavable au lave-verres.  Le Kwarx est un mat\u00e9riau in\u00e9dit aux propri\u00e9t\u00e9s in\u00e9gal\u00e9es apportant puret\u00e9 et transparence absolue, \u00e9clat perp\u00e9tuel, r\u00e9sistance chimique et m\u00e9canique. .Lavable au lave-verres. .<br \/> Caract\u00e9ristiques :<br \/>Lot : 24.<br \/> Capacit\u00e9 : 35 cl.<br \/> Dimensions : 210(H) x 90(\u00d8) mm.<br \/> Mati\u00e8re : Verre.<br \/> Couleur : Transparent.<\/p>\n","protected":false},"excerpt":{"rendered":"<p>Verres \u00e0 vin blanc Arcoroc Magnifique Arcoroc Grands Cepages 350ml (lot de 24)<\/p>\n","protected":false},"featured_media":90024,"comment_status":"closed","ping_status":"closed","template":"","meta":[],"product_brand":[],"product_cat":[1023,1297,1051,1063],"product_tag":[],"class_list":{"0":"post-66174","1":"product","2":"type-product","3":"status-publish","4":"has-post-thumbnail","6":"product_cat-art-de-la-table","7":"product_cat-non-palettisable","8":"product_cat-verrerie","9":"product_cat-vin","10":"product_shipping_class-free-shipping","12":"first","13":"instock","14":"featured","15":"taxable","16":"shipping-taxable","17":"purchasable","18":"product-type-simple"},"_links":{"self":[{"href":"https:\/\/abinox-chr-clim.com\/index.php\/wp-json\/wp\/v2\/product\/66174","targetHints":{"allow":["GET"]}}],"collection":[{"href":"https:\/\/abinox-chr-clim.com\/index.php\/wp-json\/wp\/v2\/product"}],"about":[{"href":"https:\/\/abinox-chr-clim.com\/index.php\/wp-json\/wp\/v2\/types\/product"}],"replies":[{"embeddable":true,"href":"https:\/\/abinox-chr-clim.com\/index.php\/wp-json\/wp\/v2\/comments?post=66174"}],"wp:featuredmedia":[{"embeddable":true,"href":"https:\/\/abinox-chr-clim.com\/index.php\/wp-json\/wp\/v2\/media\/90024"}],"wp:attachment":[{"href":"https:\/\/abinox-chr-clim.com\/index.php\/wp-json\/wp\/v2\/media?parent=66174"}],"wp:term":[{"taxonomy":"product_brand","embeddable":true,"href":"https:\/\/abinox-chr-clim.com\/index.php\/wp-json\/wp\/v2\/product_brand?post=66174"},{"taxonomy":"product_cat","embeddable":true,"href":"https:\/\/abinox-chr-clim.com\/index.php\/wp-json\/wp\/v2\/product_cat?post=66174"},{"taxonomy":"product_tag","embeddable":true,"href":"https:\/\/abinox-chr-clim.com\/index.php\/wp-json\/wp\/v2\/product_tag?post=66174"}],"curies":[{"name":"wp","href":"https:\/\/api.w.org\/{rel}","templated":true}]}}