{"id":66172,"date":"2024-03-22T15:04:17","date_gmt":"2024-03-22T14:04:17","guid":{"rendered":"https:\/\/abinox-chr-clim.com\/index.php\/product\/verres-a-vin-chef-sommelier-grand-sublym-450ml-lot-de-12\/"},"modified":"2026-04-23T09:32:26","modified_gmt":"2026-04-23T07:32:26","slug":"verres-a-vin-chef-sommelier-grand-sublym-450ml-lot-de-12","status":"publish","type":"product","link":"https:\/\/abinox-chr-clim.com\/index.php\/product\/verres-a-vin-chef-sommelier-grand-sublym-450ml-lot-de-12\/","title":{"rendered":"Verres \u00e0 vin Chef &#038; Sommelier Grand Sublym 450ml (lot de 12)"},"content":{"rendered":"<p>La parfaite harmonie de la paraison, ses lignes \u00e9lanc\u00e9es et sa jambe \u00e9l\u00e9gante permettront \u00e0 vos clients de d\u00e9guster tous types de vins. Son buvant extr\u00eamement fin conf\u00e8re \u00e0 cette d\u00e9gustation un confort accru.<br \/>.Le Kwarx est un mat\u00e9riau in\u00e9dit aux propri\u00e9t\u00e9s in\u00e9gal\u00e9es apportant puret\u00e9 et transparence absolue, \u00e9clat perp\u00e9tuel, r\u00e9sistance chimique et m\u00e9canique.Buvant coup\u00e9 au laser (1,2mm). Ballon \u00e9quilibr\u00e9 et raffin\u00e9. .<br \/> Caract\u00e9ristiques :<br \/>Lot : 12.<br \/> Capacit\u00e9 : 426ml.<br \/> Dimensions : 250(H) x 87(\u00d8) mm.<br \/> Mati\u00e8re : Verre Krysta.<br \/> Couleur : Transparent.<\/p>\n","protected":false},"excerpt":{"rendered":"<p>Verres \u00e0 vin Chef &#038; Sommelier Grand Sublym 450ml (lot de 12)<\/p>\n","protected":false},"featured_media":87471,"comment_status":"closed","ping_status":"closed","template":"","meta":[],"product_brand":[],"product_cat":[1023,1297,1051,1063],"product_tag":[],"class_list":{"0":"post-66172","1":"product","2":"type-product","3":"status-publish","4":"has-post-thumbnail","6":"product_cat-art-de-la-table","7":"product_cat-non-palettisable","8":"product_cat-verrerie","9":"product_cat-vin","10":"product_shipping_class-free-shipping","12":"first","13":"instock","14":"featured","15":"taxable","16":"shipping-taxable","17":"purchasable","18":"product-type-simple"},"_links":{"self":[{"href":"https:\/\/abinox-chr-clim.com\/index.php\/wp-json\/wp\/v2\/product\/66172","targetHints":{"allow":["GET"]}}],"collection":[{"href":"https:\/\/abinox-chr-clim.com\/index.php\/wp-json\/wp\/v2\/product"}],"about":[{"href":"https:\/\/abinox-chr-clim.com\/index.php\/wp-json\/wp\/v2\/types\/product"}],"replies":[{"embeddable":true,"href":"https:\/\/abinox-chr-clim.com\/index.php\/wp-json\/wp\/v2\/comments?post=66172"}],"wp:featuredmedia":[{"embeddable":true,"href":"https:\/\/abinox-chr-clim.com\/index.php\/wp-json\/wp\/v2\/media\/87471"}],"wp:attachment":[{"href":"https:\/\/abinox-chr-clim.com\/index.php\/wp-json\/wp\/v2\/media?parent=66172"}],"wp:term":[{"taxonomy":"product_brand","embeddable":true,"href":"https:\/\/abinox-chr-clim.com\/index.php\/wp-json\/wp\/v2\/product_brand?post=66172"},{"taxonomy":"product_cat","embeddable":true,"href":"https:\/\/abinox-chr-clim.com\/index.php\/wp-json\/wp\/v2\/product_cat?post=66172"},{"taxonomy":"product_tag","embeddable":true,"href":"https:\/\/abinox-chr-clim.com\/index.php\/wp-json\/wp\/v2\/product_tag?post=66172"}],"curies":[{"name":"wp","href":"https:\/\/api.w.org\/{rel}","templated":true}]}}