{"id":66171,"date":"2024-03-22T15:04:17","date_gmt":"2024-03-22T14:04:17","guid":{"rendered":"https:\/\/abinox-chr-clim.com\/index.php\/product\/verres-a-pied-utopia-saxon-340-ml-marques-ce-a-250-ml-lot-de-48\/"},"modified":"2026-04-02T10:04:32","modified_gmt":"2026-04-02T08:04:32","slug":"verres-a-pied-utopia-saxon-340-ml-marques-ce-a-250-ml-lot-de-48","status":"publish","type":"product","link":"https:\/\/abinox-chr-clim.com\/index.php\/product\/verres-a-pied-utopia-saxon-340-ml-marques-ce-a-250-ml-lot-de-48\/","title":{"rendered":"Verres \u00e0 pied Utopia Saxon 340 ml marqu\u00e9s CE \u00e0 250 ml (lot de 48)"},"content":{"rendered":"<p>Verres robustes, plus grands que les verres standards. Fabrication  en deux pi\u00e8ces avec un calice souffl\u00e9. Lavables au lave-verres.<br \/>Lavable au lave-verres. Marquage CE \u00e0 250 ml.  Poids par pi\u00e8ce : 39g. Lavable au lave-verres.<\/p>\n<p>Caract\u00e9ristiques :<br \/>Lot : 48.<br \/> Capacit\u00e9 : 340ml.<br \/> Dimensions : 182(H) x 82(\u00d8) mm.<br \/> Mati\u00e8re : Verre.<br \/> Couleur : Transparent.<\/p>\n","protected":false},"excerpt":{"rendered":"<p>Verres \u00e0 pied Utopia Saxon 340 ml marqu\u00e9s CE \u00e0 250 ml (lot de 48)<\/p>\n","protected":false},"featured_media":102730,"comment_status":"closed","ping_status":"closed","template":"","meta":[],"product_brand":[],"product_cat":[1023,1297,1051,1063],"product_tag":[],"class_list":{"0":"post-66171","1":"product","2":"type-product","3":"status-publish","4":"has-post-thumbnail","6":"product_cat-art-de-la-table","7":"product_cat-non-palettisable","8":"product_cat-verrerie","9":"product_cat-vin","10":"product_shipping_class-free-shipping","12":"first","13":"outofstock","14":"featured","15":"taxable","16":"shipping-taxable","17":"purchasable","18":"product-type-simple"},"_links":{"self":[{"href":"https:\/\/abinox-chr-clim.com\/index.php\/wp-json\/wp\/v2\/product\/66171","targetHints":{"allow":["GET"]}}],"collection":[{"href":"https:\/\/abinox-chr-clim.com\/index.php\/wp-json\/wp\/v2\/product"}],"about":[{"href":"https:\/\/abinox-chr-clim.com\/index.php\/wp-json\/wp\/v2\/types\/product"}],"replies":[{"embeddable":true,"href":"https:\/\/abinox-chr-clim.com\/index.php\/wp-json\/wp\/v2\/comments?post=66171"}],"wp:featuredmedia":[{"embeddable":true,"href":"https:\/\/abinox-chr-clim.com\/index.php\/wp-json\/wp\/v2\/media\/102730"}],"wp:attachment":[{"href":"https:\/\/abinox-chr-clim.com\/index.php\/wp-json\/wp\/v2\/media?parent=66171"}],"wp:term":[{"taxonomy":"product_brand","embeddable":true,"href":"https:\/\/abinox-chr-clim.com\/index.php\/wp-json\/wp\/v2\/product_brand?post=66171"},{"taxonomy":"product_cat","embeddable":true,"href":"https:\/\/abinox-chr-clim.com\/index.php\/wp-json\/wp\/v2\/product_cat?post=66171"},{"taxonomy":"product_tag","embeddable":true,"href":"https:\/\/abinox-chr-clim.com\/index.php\/wp-json\/wp\/v2\/product_tag?post=66171"}],"curies":[{"name":"wp","href":"https:\/\/api.w.org\/{rel}","templated":true}]}}