{"id":66167,"date":"2024-03-22T15:04:16","date_gmt":"2024-03-22T14:04:16","guid":{"rendered":"https:\/\/abinox-chr-clim.com\/index.php\/product\/verres-a-vin-solar-olympia-410ml-lot-de-24\/"},"modified":"2026-04-15T10:19:28","modified_gmt":"2026-04-15T08:19:28","slug":"verres-a-vin-solar-olympia-410ml-lot-de-24","status":"publish","type":"product","link":"https:\/\/abinox-chr-clim.com\/index.php\/product\/verres-a-vin-solar-olympia-410ml-lot-de-24\/","title":{"rendered":"Verres \u00e0 vin Solar Olympia 410ml (lot de 24)"},"content":{"rendered":"<p>Id\u00e9al pour le service du vin dans les bars, restaurants et r\u00e9ceptions. Ces verres sont \u00e9galement parfaits pour le service de l&rsquo;eau. Fabrication en une pi\u00e8ce pour plus de solidit\u00e9. Lavables au lave-verres.<br \/>Le design haut et fin canalise les ar\u00f4mes en direction du nez. Aide \u00e0 ouvrir les vins jeunes et vieux gr\u00e2ce \u00e0 la conception large du bol. Ses lignes fluides lui conf\u00e8rent un aspect \u00e9l\u00e9gant et styl\u00e9. Lavable au lave-verres, permet un nettoyage rapide et hygi\u00e9nique. La base large apporte plus de stabilit\u00e9 pour \u00e9viter les d\u00e9versements. La tige ergonomique permet une prise confortable et \u00e9vite de r\u00e9chauffer le vin. Sans marquage CE.Le design haut et fin canalise les ar\u00f4mes en direction du nez.<\/p>\n<p>Caract\u00e9ristiques :<br \/>Lot : 24.<br \/> Capacit\u00e9 : 410ml.<br \/> Dimensions : 208(H)x 85(\u00d8)mm.<br \/> Mati\u00e8re : Verre.<br \/> Couleur : Transparent.<\/p>\n","protected":false},"excerpt":{"rendered":"<p>Verres \u00e0 vin Solar Olympia 410ml (lot de 24)<\/p>\n","protected":false},"featured_media":105183,"comment_status":"closed","ping_status":"closed","template":"","meta":[],"product_brand":[],"product_cat":[1023,1297,1051,1063],"product_tag":[],"class_list":{"0":"post-66167","1":"product","2":"type-product","3":"status-publish","4":"has-post-thumbnail","6":"product_cat-art-de-la-table","7":"product_cat-non-palettisable","8":"product_cat-verrerie","9":"product_cat-vin","10":"product_shipping_class-free-shipping","12":"first","13":"instock","14":"featured","15":"taxable","16":"shipping-taxable","17":"purchasable","18":"product-type-simple"},"_links":{"self":[{"href":"https:\/\/abinox-chr-clim.com\/index.php\/wp-json\/wp\/v2\/product\/66167","targetHints":{"allow":["GET"]}}],"collection":[{"href":"https:\/\/abinox-chr-clim.com\/index.php\/wp-json\/wp\/v2\/product"}],"about":[{"href":"https:\/\/abinox-chr-clim.com\/index.php\/wp-json\/wp\/v2\/types\/product"}],"replies":[{"embeddable":true,"href":"https:\/\/abinox-chr-clim.com\/index.php\/wp-json\/wp\/v2\/comments?post=66167"}],"wp:featuredmedia":[{"embeddable":true,"href":"https:\/\/abinox-chr-clim.com\/index.php\/wp-json\/wp\/v2\/media\/105183"}],"wp:attachment":[{"href":"https:\/\/abinox-chr-clim.com\/index.php\/wp-json\/wp\/v2\/media?parent=66167"}],"wp:term":[{"taxonomy":"product_brand","embeddable":true,"href":"https:\/\/abinox-chr-clim.com\/index.php\/wp-json\/wp\/v2\/product_brand?post=66167"},{"taxonomy":"product_cat","embeddable":true,"href":"https:\/\/abinox-chr-clim.com\/index.php\/wp-json\/wp\/v2\/product_cat?post=66167"},{"taxonomy":"product_tag","embeddable":true,"href":"https:\/\/abinox-chr-clim.com\/index.php\/wp-json\/wp\/v2\/product_tag?post=66167"}],"curies":[{"name":"wp","href":"https:\/\/api.w.org\/{rel}","templated":true}]}}