{"id":66162,"date":"2024-03-22T15:04:14","date_gmt":"2024-03-22T14:04:14","guid":{"rendered":"https:\/\/abinox-chr-clim.com\/index.php\/product\/verres-a-vin-en-cristal-olympia-campana-380ml\/"},"modified":"2026-04-24T09:57:55","modified_gmt":"2026-04-24T07:57:55","slug":"verres-a-vin-en-cristal-olympia-campana-380ml","status":"publish","type":"product","link":"https:\/\/abinox-chr-clim.com\/index.php\/product\/verres-a-vin-en-cristal-olympia-campana-380ml\/","title":{"rendered":"Verres \u00e0 vin en cristal Olympia Campana 380ml"},"content":{"rendered":"<p>Verres aux calices ronds modernes et jambes fines et \u00e9l\u00e9gamment courb\u00e9es. En cristal sans plomb pour plus de r\u00e9sistance et de brillance. Fabriqu\u00e9s \u00e0 partir d&rsquo;une seule pi\u00e8ce de verre moul\u00e9 pour \u00e9liminer les points faibles.<br \/>Verre transparent en cristal qui reste \u00e9tincelant lavage apr\u00e8s lavage. Fabriqu\u00e9 \u00e0 partir d&rsquo;une seule pi\u00e8ce de cristal pour \u00e9liminer les points faibles. Grand calice id\u00e9al pour les vins blancs. Jambe haute et fine pour un design \u00e9l\u00e9gant. Compatible lave-verres.  Verre transparent en cristal qui reste \u00e9tincelant lavage apr\u00e8s lavage.<\/p>\n<p>Caract\u00e9ristiques :<br \/>Lot : 6.<br \/> Capacit\u00e9 : 38 cl.<br \/> Dimensions : 245(H) x 65(\u00d8) mm.<br \/> Mati\u00e8re : Verre.<br \/> Couleur : Transparent.<\/p>\n","protected":false},"excerpt":{"rendered":"<p>Verres \u00e0 vin en cristal Olympia Campana 380ml<\/p>\n","protected":false},"featured_media":85872,"comment_status":"closed","ping_status":"closed","template":"","meta":[],"product_brand":[],"product_cat":[1023,1297,1051,1063],"product_tag":[],"class_list":{"0":"post-66162","1":"product","2":"type-product","3":"status-publish","4":"has-post-thumbnail","6":"product_cat-art-de-la-table","7":"product_cat-non-palettisable","8":"product_cat-verrerie","9":"product_cat-vin","10":"product_shipping_class-free-shipping","12":"first","13":"outofstock","14":"featured","15":"taxable","16":"shipping-taxable","17":"purchasable","18":"product-type-simple"},"_links":{"self":[{"href":"https:\/\/abinox-chr-clim.com\/index.php\/wp-json\/wp\/v2\/product\/66162","targetHints":{"allow":["GET"]}}],"collection":[{"href":"https:\/\/abinox-chr-clim.com\/index.php\/wp-json\/wp\/v2\/product"}],"about":[{"href":"https:\/\/abinox-chr-clim.com\/index.php\/wp-json\/wp\/v2\/types\/product"}],"replies":[{"embeddable":true,"href":"https:\/\/abinox-chr-clim.com\/index.php\/wp-json\/wp\/v2\/comments?post=66162"}],"wp:featuredmedia":[{"embeddable":true,"href":"https:\/\/abinox-chr-clim.com\/index.php\/wp-json\/wp\/v2\/media\/85872"}],"wp:attachment":[{"href":"https:\/\/abinox-chr-clim.com\/index.php\/wp-json\/wp\/v2\/media?parent=66162"}],"wp:term":[{"taxonomy":"product_brand","embeddable":true,"href":"https:\/\/abinox-chr-clim.com\/index.php\/wp-json\/wp\/v2\/product_brand?post=66162"},{"taxonomy":"product_cat","embeddable":true,"href":"https:\/\/abinox-chr-clim.com\/index.php\/wp-json\/wp\/v2\/product_cat?post=66162"},{"taxonomy":"product_tag","embeddable":true,"href":"https:\/\/abinox-chr-clim.com\/index.php\/wp-json\/wp\/v2\/product_tag?post=66162"}],"curies":[{"name":"wp","href":"https:\/\/api.w.org\/{rel}","templated":true}]}}