{"id":66155,"date":"2024-03-22T15:04:12","date_gmt":"2024-03-22T14:04:12","guid":{"rendered":"https:\/\/abinox-chr-clim.com\/index.php\/product\/verres-a-vin-chef-sommelier-cabernet-tulip-350ml-lot-de-24\/"},"modified":"2026-04-21T09:07:42","modified_gmt":"2026-04-21T07:07:42","slug":"verres-a-vin-chef-sommelier-cabernet-tulip-350ml-lot-de-24","status":"publish","type":"product","link":"https:\/\/abinox-chr-clim.com\/index.php\/product\/verres-a-vin-chef-sommelier-cabernet-tulip-350ml-lot-de-24\/","title":{"rendered":"Verres \u00e0 vin Chef &#038; Sommelier Cabernet Tulip 350ml (lot de 24)"},"content":{"rendered":"<p>Verres \u00e0 pied intemporels en forme de tulipe adapt\u00e9s aux vins rouges et blancs. Classiques, renforc\u00e9s par un verre poli et un pied plat pour assurer une tr\u00e8s bonne stabilit\u00e9. \u00abEffervescence Plus\u00bb est utilis\u00e9 dans la base de la fl\u00fbte pour cr\u00e9er et maintenir les bulles du champagne. Lavables au lave-verres.<br \/>Le design ajoute une touche d&rsquo;\u00e9l\u00e9gance \u00e0 toute salle. Fabriqu\u00e9 en verre Kwarx pour une plus grande r\u00e9sistance aux chocs et aux rayures et conservation de la transparence. Le grand calice met en valeur le vin rouge. La longue tige permet une tenue confortable tout en r\u00e9duisant le transfert de chaleur des mains. La base plate et large am\u00e9liore la stabilit\u00e9 pour r\u00e9duire le risque de d\u00e9versement. Sans marquage CE.  Le design ajoute une touche d&rsquo;\u00e9l\u00e9gance \u00e0 toute salle.<\/p>\n<p>Caract\u00e9ristiques :<br \/>Lot : 24.<br \/> Capacit\u00e9 : 350ml.<br \/> Dimensions : 202(H) x 80(\u00d8) mm.<br \/> Mati\u00e8re : Verre.<br \/> Couleur : Transparent.<\/p>\n","protected":false},"excerpt":{"rendered":"<p>Verres \u00e0 vin Chef &#038; Sommelier Cabernet Tulip 350ml (lot de 24)<\/p>\n","protected":false},"featured_media":83867,"comment_status":"closed","ping_status":"closed","template":"","meta":[],"product_brand":[],"product_cat":[1023,1297,1051,1063],"product_tag":[],"class_list":{"0":"post-66155","1":"product","2":"type-product","3":"status-publish","4":"has-post-thumbnail","6":"product_cat-art-de-la-table","7":"product_cat-non-palettisable","8":"product_cat-verrerie","9":"product_cat-vin","10":"product_shipping_class-free-shipping","12":"first","13":"instock","14":"featured","15":"taxable","16":"shipping-taxable","17":"purchasable","18":"product-type-simple"},"_links":{"self":[{"href":"https:\/\/abinox-chr-clim.com\/index.php\/wp-json\/wp\/v2\/product\/66155","targetHints":{"allow":["GET"]}}],"collection":[{"href":"https:\/\/abinox-chr-clim.com\/index.php\/wp-json\/wp\/v2\/product"}],"about":[{"href":"https:\/\/abinox-chr-clim.com\/index.php\/wp-json\/wp\/v2\/types\/product"}],"replies":[{"embeddable":true,"href":"https:\/\/abinox-chr-clim.com\/index.php\/wp-json\/wp\/v2\/comments?post=66155"}],"wp:featuredmedia":[{"embeddable":true,"href":"https:\/\/abinox-chr-clim.com\/index.php\/wp-json\/wp\/v2\/media\/83867"}],"wp:attachment":[{"href":"https:\/\/abinox-chr-clim.com\/index.php\/wp-json\/wp\/v2\/media?parent=66155"}],"wp:term":[{"taxonomy":"product_brand","embeddable":true,"href":"https:\/\/abinox-chr-clim.com\/index.php\/wp-json\/wp\/v2\/product_brand?post=66155"},{"taxonomy":"product_cat","embeddable":true,"href":"https:\/\/abinox-chr-clim.com\/index.php\/wp-json\/wp\/v2\/product_cat?post=66155"},{"taxonomy":"product_tag","embeddable":true,"href":"https:\/\/abinox-chr-clim.com\/index.php\/wp-json\/wp\/v2\/product_tag?post=66155"}],"curies":[{"name":"wp","href":"https:\/\/api.w.org\/{rel}","templated":true}]}}