{"id":66154,"date":"2024-03-22T15:04:12","date_gmt":"2024-03-22T14:04:12","guid":{"rendered":"https:\/\/abinox-chr-clim.com\/index.php\/product\/verres-a-vin-chef-sommelier-cabernet-tulip-470ml-lot-de-24\/"},"modified":"2026-04-02T09:12:40","modified_gmt":"2026-04-02T07:12:40","slug":"verres-a-vin-chef-sommelier-cabernet-tulip-470ml-lot-de-24","status":"publish","type":"product","link":"https:\/\/abinox-chr-clim.com\/index.php\/product\/verres-a-vin-chef-sommelier-cabernet-tulip-470ml-lot-de-24\/","title":{"rendered":"Verres \u00e0 vin Chef &#038; Sommelier Cabernet Tulip 470ml (Lot de 24)"},"content":{"rendered":"<p>Verres \u00e0 pied intemporels en forme de tulipe adapt\u00e9s aux vins rouges et blancs. Classiques, renforc\u00e9s par un verre poli et un pied plat pour assurer une tr\u00e8s bonne stabilit\u00e9. \u00abEffervescence Plus\u00bb est utilis\u00e9 dans la base de la fl\u00fbte pour cr\u00e9er et maintenir les bulles du champagne. Lavables au lave-verres.<br \/>Lavable au lave-verres.  Le Kwarx est un mat\u00e9riau in\u00e9dit aux propri\u00e9t\u00e9s in\u00e9gal\u00e9es apportant puret\u00e9 et transparence absolue, \u00e9clat perp\u00e9tuel, r\u00e9sistance chimique et m\u00e9canique. Lavable au lave-verres. Lavable au lave-verres. .<br \/> Caract\u00e9ristiques :<br \/>Lot : 24.<br \/> Capacit\u00e9 : 470ml.<br \/> Dimensions : 219(H) x 88(\u00d8) mm.<br \/> Mati\u00e8re : Verre.<br \/> Couleur : Transparent.<\/p>\n","protected":false},"excerpt":{"rendered":"<p>Verres \u00e0 vin Chef &#038; Sommelier Cabernet Tulip 470ml (Lot de 24)<\/p>\n","protected":false},"featured_media":83866,"comment_status":"closed","ping_status":"closed","template":"","meta":[],"product_brand":[],"product_cat":[1023,1297,1051,1063],"product_tag":[],"class_list":{"0":"post-66154","1":"product","2":"type-product","3":"status-publish","4":"has-post-thumbnail","6":"product_cat-art-de-la-table","7":"product_cat-non-palettisable","8":"product_cat-verrerie","9":"product_cat-vin","10":"product_shipping_class-free-shipping","12":"first","13":"instock","14":"featured","15":"taxable","16":"shipping-taxable","17":"purchasable","18":"product-type-simple"},"_links":{"self":[{"href":"https:\/\/abinox-chr-clim.com\/index.php\/wp-json\/wp\/v2\/product\/66154","targetHints":{"allow":["GET"]}}],"collection":[{"href":"https:\/\/abinox-chr-clim.com\/index.php\/wp-json\/wp\/v2\/product"}],"about":[{"href":"https:\/\/abinox-chr-clim.com\/index.php\/wp-json\/wp\/v2\/types\/product"}],"replies":[{"embeddable":true,"href":"https:\/\/abinox-chr-clim.com\/index.php\/wp-json\/wp\/v2\/comments?post=66154"}],"wp:featuredmedia":[{"embeddable":true,"href":"https:\/\/abinox-chr-clim.com\/index.php\/wp-json\/wp\/v2\/media\/83866"}],"wp:attachment":[{"href":"https:\/\/abinox-chr-clim.com\/index.php\/wp-json\/wp\/v2\/media?parent=66154"}],"wp:term":[{"taxonomy":"product_brand","embeddable":true,"href":"https:\/\/abinox-chr-clim.com\/index.php\/wp-json\/wp\/v2\/product_brand?post=66154"},{"taxonomy":"product_cat","embeddable":true,"href":"https:\/\/abinox-chr-clim.com\/index.php\/wp-json\/wp\/v2\/product_cat?post=66154"},{"taxonomy":"product_tag","embeddable":true,"href":"https:\/\/abinox-chr-clim.com\/index.php\/wp-json\/wp\/v2\/product_tag?post=66154"}],"curies":[{"name":"wp","href":"https:\/\/api.w.org\/{rel}","templated":true}]}}