{"id":66143,"date":"2024-03-22T15:04:05","date_gmt":"2024-03-22T14:04:05","guid":{"rendered":"https:\/\/abinox-chr-clim.com\/index.php\/product\/shooters-olympia-25ml-lot-de-12\/"},"modified":"2026-04-11T08:50:37","modified_gmt":"2026-04-11T06:50:37","slug":"shooters-olympia-25ml-lot-de-12","status":"publish","type":"product","link":"https:\/\/abinox-chr-clim.com\/index.php\/product\/shooters-olympia-25ml-lot-de-12\/","title":{"rendered":"Shooters Olympia 25ml (Lot de 12)"},"content":{"rendered":"<p>Verres sp\u00e9ciaux remplissables \u00e0 ras-bord, assurant ainsi des mesures constantes.<br \/>Base \u00e9paisse et parois lourdes pour la durabilit\u00e9. Lavable au lave-vaisselle. Capacit\u00e9 de 25 ml pouvant contenir un shot. Design \u00e0 bords droits pour une finition \u00e9l\u00e9gante. Lavable au lave-vaisselle pour un nettoyage facile.  Base \u00e9paisse et parois lourdes pour la durabilit\u00e9.<\/p>\n<p>Caract\u00e9ristiques :<br \/>Lot : 12.<br \/> Capacit\u00e9 : 25ml.<br \/> Dimensions : 77(H)x 38(\u00d8)mm.<br \/> Mati\u00e8re : Verre.<br \/> Couleur : Transparent.<\/p>\n","protected":false},"excerpt":{"rendered":"<p>Shooters Olympia 25ml (Lot de 12)<\/p>\n","protected":false},"featured_media":101498,"comment_status":"closed","ping_status":"closed","template":"","meta":[],"product_brand":[],"product_cat":[1023,1297,1062,1051],"product_tag":[],"class_list":{"0":"post-66143","1":"product","2":"type-product","3":"status-publish","4":"has-post-thumbnail","6":"product_cat-art-de-la-table","7":"product_cat-non-palettisable","8":"product_cat-shooters-et-cocktails","9":"product_cat-verrerie","10":"product_shipping_class-free-shipping","12":"first","13":"instock","14":"featured","15":"taxable","16":"shipping-taxable","17":"purchasable","18":"product-type-simple"},"_links":{"self":[{"href":"https:\/\/abinox-chr-clim.com\/index.php\/wp-json\/wp\/v2\/product\/66143","targetHints":{"allow":["GET"]}}],"collection":[{"href":"https:\/\/abinox-chr-clim.com\/index.php\/wp-json\/wp\/v2\/product"}],"about":[{"href":"https:\/\/abinox-chr-clim.com\/index.php\/wp-json\/wp\/v2\/types\/product"}],"replies":[{"embeddable":true,"href":"https:\/\/abinox-chr-clim.com\/index.php\/wp-json\/wp\/v2\/comments?post=66143"}],"wp:featuredmedia":[{"embeddable":true,"href":"https:\/\/abinox-chr-clim.com\/index.php\/wp-json\/wp\/v2\/media\/101498"}],"wp:attachment":[{"href":"https:\/\/abinox-chr-clim.com\/index.php\/wp-json\/wp\/v2\/media?parent=66143"}],"wp:term":[{"taxonomy":"product_brand","embeddable":true,"href":"https:\/\/abinox-chr-clim.com\/index.php\/wp-json\/wp\/v2\/product_brand?post=66143"},{"taxonomy":"product_cat","embeddable":true,"href":"https:\/\/abinox-chr-clim.com\/index.php\/wp-json\/wp\/v2\/product_cat?post=66143"},{"taxonomy":"product_tag","embeddable":true,"href":"https:\/\/abinox-chr-clim.com\/index.php\/wp-json\/wp\/v2\/product_tag?post=66143"}],"curies":[{"name":"wp","href":"https:\/\/api.w.org\/{rel}","templated":true}]}}