{"id":66107,"date":"2024-03-22T15:03:52","date_gmt":"2024-03-22T14:03:52","guid":{"rendered":"https:\/\/abinox-chr-clim.com\/index.php\/product\/bouteille-deau-en-verre-olympia-1l-lot-de-6\/"},"modified":"2026-04-02T08:51:35","modified_gmt":"2026-04-02T06:51:35","slug":"bouteille-deau-en-verre-olympia-1l-lot-de-6","status":"publish","type":"product","link":"https:\/\/abinox-chr-clim.com\/index.php\/product\/bouteille-deau-en-verre-olympia-1l-lot-de-6\/","title":{"rendered":"Bouteille d&rsquo;eau en verre Olympia 1L (Lot de 6)"},"content":{"rendered":"<p>Bouteilles en verre avec bouchon m\u00e9canique, parfaites pour le service et la pr\u00e9sentation. Lavables au lave-verres.<br \/>Le design minimaliste ajoute une touche discr\u00e8te et \u00e9l\u00e9gante \u00e0 vos services de table. Le couvercle rabattable s\u00e9curis\u00e9 permet de conserver l&rsquo;eau \u00e0 l&rsquo;abri des contaminants. Le couvercle ergonomique permet \u00e9galement au personnel de pr\u00e9-remplir et de stocker les bouteilles avant le d\u00e9but du service. Con\u00e7u pour passer au lave-vaisselle pour un nettoyage rapide et complet. Fourni en lot de 6 qui vous permet de pr\u00e9parer de grands services de restauration. Ce produit n&rsquo;est pas marqu\u00e9 CE.  Le design minimaliste ajoute une touche discr\u00e8te et \u00e9l\u00e9gante \u00e0 vos services de table.<\/p>\n<p>Caract\u00e9ristiques :<br \/>Lot : 6.<br \/> Capacit\u00e9 : 1L.<br \/> Dimensions : 320(H) x 90(\u00d8)mm.<br \/> Mati\u00e8re : Verre.<br \/> Couleur : Transparent.<\/p>\n","protected":false},"excerpt":{"rendered":"<p>Bouteille d&rsquo;eau en verre Olympia 1L (Lot de 6)<\/p>\n","protected":false},"featured_media":101676,"comment_status":"closed","ping_status":"closed","template":"","meta":[],"product_brand":[],"product_cat":[1023,1297,1059,1051],"product_tag":[],"class_list":{"0":"post-66107","1":"product","2":"type-product","3":"status-publish","4":"has-post-thumbnail","6":"product_cat-art-de-la-table","7":"product_cat-non-palettisable","8":"product_cat-pichets-et-carafes","9":"product_cat-verrerie","10":"product_shipping_class-free-shipping","12":"first","13":"instock","14":"featured","15":"taxable","16":"shipping-taxable","17":"purchasable","18":"product-type-simple"},"_links":{"self":[{"href":"https:\/\/abinox-chr-clim.com\/index.php\/wp-json\/wp\/v2\/product\/66107","targetHints":{"allow":["GET"]}}],"collection":[{"href":"https:\/\/abinox-chr-clim.com\/index.php\/wp-json\/wp\/v2\/product"}],"about":[{"href":"https:\/\/abinox-chr-clim.com\/index.php\/wp-json\/wp\/v2\/types\/product"}],"replies":[{"embeddable":true,"href":"https:\/\/abinox-chr-clim.com\/index.php\/wp-json\/wp\/v2\/comments?post=66107"}],"wp:featuredmedia":[{"embeddable":true,"href":"https:\/\/abinox-chr-clim.com\/index.php\/wp-json\/wp\/v2\/media\/101676"}],"wp:attachment":[{"href":"https:\/\/abinox-chr-clim.com\/index.php\/wp-json\/wp\/v2\/media?parent=66107"}],"wp:term":[{"taxonomy":"product_brand","embeddable":true,"href":"https:\/\/abinox-chr-clim.com\/index.php\/wp-json\/wp\/v2\/product_brand?post=66107"},{"taxonomy":"product_cat","embeddable":true,"href":"https:\/\/abinox-chr-clim.com\/index.php\/wp-json\/wp\/v2\/product_cat?post=66107"},{"taxonomy":"product_tag","embeddable":true,"href":"https:\/\/abinox-chr-clim.com\/index.php\/wp-json\/wp\/v2\/product_tag?post=66107"}],"curies":[{"name":"wp","href":"https:\/\/api.w.org\/{rel}","templated":true}]}}