{"id":66105,"date":"2024-03-22T15:03:51","date_gmt":"2024-03-22T14:03:51","guid":{"rendered":"https:\/\/abinox-chr-clim.com\/index.php\/product\/carafe-en-verre-olympia-1l-lot-de-6\/"},"modified":"2026-04-02T08:51:34","modified_gmt":"2026-04-02T06:51:34","slug":"carafe-en-verre-olympia-1l-lot-de-6","status":"publish","type":"product","link":"https:\/\/abinox-chr-clim.com\/index.php\/product\/carafe-en-verre-olympia-1l-lot-de-6\/","title":{"rendered":"Carafe en verre Olympia 1L (Lot de 6)"},"content":{"rendered":"<p>Une carafe en verre polyvalente, lavable au lave-verres.<br \/>Capacit\u00e9 g\u00e9n\u00e9reuse, id\u00e9ale pour les buffets. Lavable au lave-vaisselle pour un nettoyage rapide. Goulot \u00e9troit pour verser facilement. Transparent pour voir le contenu. Rebord renforc\u00e9 pour r\u00e9sister aux \u00e9clats.  Capacit\u00e9 g\u00e9n\u00e9reuse, id\u00e9ale pour les buffets.<\/p>\n<p>Caract\u00e9ristiques :<br \/>Lot : 6.<br \/> Capacit\u00e9 : 1L.<br \/> Dimensions : 275(H) x 95(\u00d8)mm.<br \/> Mati\u00e8re : Verre.<br \/> Couleur : Transparent.<\/p>\n","protected":false},"excerpt":{"rendered":"<p>Carafe en verre Olympia 1L (Lot de 6)<\/p>\n","protected":false},"featured_media":101674,"comment_status":"closed","ping_status":"closed","template":"","meta":[],"product_brand":[],"product_cat":[1023,1297,1059,1051],"product_tag":[],"class_list":{"0":"post-66105","1":"product","2":"type-product","3":"status-publish","4":"has-post-thumbnail","6":"product_cat-art-de-la-table","7":"product_cat-non-palettisable","8":"product_cat-pichets-et-carafes","9":"product_cat-verrerie","10":"product_shipping_class-free-shipping","12":"first","13":"instock","14":"featured","15":"taxable","16":"shipping-taxable","17":"purchasable","18":"product-type-simple"},"_links":{"self":[{"href":"https:\/\/abinox-chr-clim.com\/index.php\/wp-json\/wp\/v2\/product\/66105","targetHints":{"allow":["GET"]}}],"collection":[{"href":"https:\/\/abinox-chr-clim.com\/index.php\/wp-json\/wp\/v2\/product"}],"about":[{"href":"https:\/\/abinox-chr-clim.com\/index.php\/wp-json\/wp\/v2\/types\/product"}],"replies":[{"embeddable":true,"href":"https:\/\/abinox-chr-clim.com\/index.php\/wp-json\/wp\/v2\/comments?post=66105"}],"wp:featuredmedia":[{"embeddable":true,"href":"https:\/\/abinox-chr-clim.com\/index.php\/wp-json\/wp\/v2\/media\/101674"}],"wp:attachment":[{"href":"https:\/\/abinox-chr-clim.com\/index.php\/wp-json\/wp\/v2\/media?parent=66105"}],"wp:term":[{"taxonomy":"product_brand","embeddable":true,"href":"https:\/\/abinox-chr-clim.com\/index.php\/wp-json\/wp\/v2\/product_brand?post=66105"},{"taxonomy":"product_cat","embeddable":true,"href":"https:\/\/abinox-chr-clim.com\/index.php\/wp-json\/wp\/v2\/product_cat?post=66105"},{"taxonomy":"product_tag","embeddable":true,"href":"https:\/\/abinox-chr-clim.com\/index.php\/wp-json\/wp\/v2\/product_tag?post=66105"}],"curies":[{"name":"wp","href":"https:\/\/api.w.org\/{rel}","templated":true}]}}