{"id":66101,"date":"2024-03-22T15:03:50","date_gmt":"2024-03-22T14:03:50","guid":{"rendered":"https:\/\/abinox-chr-clim.com\/index.php\/product\/carafes-transparentes-bormioli-ypsilon-25cl-lot-de-12\/"},"modified":"2025-06-17T10:53:06","modified_gmt":"2025-06-17T08:53:06","slug":"carafes-transparentes-bormioli-ypsilon-25cl-lot-de-12","status":"publish","type":"product","link":"https:\/\/abinox-chr-clim.com\/index.php\/product\/carafes-transparentes-bormioli-ypsilon-25cl-lot-de-12\/","title":{"rendered":"Carafes transparentes Bormioli Ypsilon 25cl (Lot de 12)"},"content":{"rendered":"<p>Avec un design en forme de vase, ces carafes sont parfaites pour servir de l&rsquo;eau ou du vin.<br \/>Fabrication en verre tremp\u00e9 robuste et s\u00fbr. Se brise en \u00e9clats non tranchants dans l&rsquo;\u00e9ventualit\u00e9 peu probable d&rsquo;une casse. Le design simple compl\u00e8te toute gamme de vaisselle. 160(H) mm x diam\u00e8tre haut 47 mm, diam\u00e8tre bas 67 mm. .Fabrication en verre tremp\u00e9 robuste et s\u00fbr.<\/p>\n<p>Caract\u00e9ristiques :<br \/>Lot : 12.<br \/> Capacit\u00e9 : 25 cl.<br \/> Dimensions : 160(H) mm.<br \/> Mati\u00e8re : Verre.<br \/> Couleur : Transparent.<\/p>\n","protected":false},"excerpt":{"rendered":"<p>Carafes transparentes Bormioli Ypsilon 25cl (Lot de 12)<\/p>\n","protected":false},"featured_media":96905,"comment_status":"closed","ping_status":"closed","template":"","meta":[],"product_brand":[],"product_cat":[1023,1297,1059,1051],"product_tag":[],"class_list":{"0":"post-66101","1":"product","2":"type-product","3":"status-publish","4":"has-post-thumbnail","6":"product_cat-art-de-la-table","7":"product_cat-non-palettisable","8":"product_cat-pichets-et-carafes","9":"product_cat-verrerie","10":"product_shipping_class-free-shipping","12":"first","13":"outofstock","14":"featured","15":"taxable","16":"shipping-taxable","17":"purchasable","18":"product-type-simple"},"_links":{"self":[{"href":"https:\/\/abinox-chr-clim.com\/index.php\/wp-json\/wp\/v2\/product\/66101","targetHints":{"allow":["GET"]}}],"collection":[{"href":"https:\/\/abinox-chr-clim.com\/index.php\/wp-json\/wp\/v2\/product"}],"about":[{"href":"https:\/\/abinox-chr-clim.com\/index.php\/wp-json\/wp\/v2\/types\/product"}],"replies":[{"embeddable":true,"href":"https:\/\/abinox-chr-clim.com\/index.php\/wp-json\/wp\/v2\/comments?post=66101"}],"wp:featuredmedia":[{"embeddable":true,"href":"https:\/\/abinox-chr-clim.com\/index.php\/wp-json\/wp\/v2\/media\/96905"}],"wp:attachment":[{"href":"https:\/\/abinox-chr-clim.com\/index.php\/wp-json\/wp\/v2\/media?parent=66101"}],"wp:term":[{"taxonomy":"product_brand","embeddable":true,"href":"https:\/\/abinox-chr-clim.com\/index.php\/wp-json\/wp\/v2\/product_brand?post=66101"},{"taxonomy":"product_cat","embeddable":true,"href":"https:\/\/abinox-chr-clim.com\/index.php\/wp-json\/wp\/v2\/product_cat?post=66101"},{"taxonomy":"product_tag","embeddable":true,"href":"https:\/\/abinox-chr-clim.com\/index.php\/wp-json\/wp\/v2\/product_tag?post=66101"}],"curies":[{"name":"wp","href":"https:\/\/api.w.org\/{rel}","templated":true}]}}