{"id":66096,"date":"2024-03-22T15:03:48","date_gmt":"2024-03-22T14:03:48","guid":{"rendered":"https:\/\/abinox-chr-clim.com\/index.php\/product\/carafes-a-vin-arcoroc-1l-lot-de-6\/"},"modified":"2026-04-29T10:04:37","modified_gmt":"2026-04-29T08:04:37","slug":"carafes-a-vin-arcoroc-1l-lot-de-6","status":"publish","type":"product","link":"https:\/\/abinox-chr-clim.com\/index.php\/product\/carafes-a-vin-arcoroc-1l-lot-de-6\/","title":{"rendered":"Carafes \u00e0 vin Arcoroc 1L (lot de 6)"},"content":{"rendered":"<p>Carafe \u00e9l\u00e9gante multi-usages. Compatible lave-verres.<br \/>Passe au lave-vaisselle. Ce produit n&rsquo;est pas marqu\u00e9 CE. Forme de carafe classique. Service id\u00e9al pour le service de vins maison. Id\u00e9al pour la vente \u00e0\u00a0 partir d&rsquo;une bouteille.  Passe au lave-vaisselle.<\/p>\n<p>Caract\u00e9ristiques :<br \/>Lot : 6.<br \/> Capacit\u00e9 : 1L.<br \/> Dimensions : 203(H)x 118(\u00d8)mm.<br \/> Mati\u00e8re : Verre.<br \/> Couleur : Transparent.<\/p>\n","protected":false},"excerpt":{"rendered":"<p>Carafes \u00e0 vin Arcoroc 1L (lot de 6)<\/p>\n","protected":false},"featured_media":91837,"comment_status":"closed","ping_status":"closed","template":"","meta":[],"product_brand":[],"product_cat":[1023,1297,1059,1051],"product_tag":[],"class_list":{"0":"post-66096","1":"product","2":"type-product","3":"status-publish","4":"has-post-thumbnail","6":"product_cat-art-de-la-table","7":"product_cat-non-palettisable","8":"product_cat-pichets-et-carafes","9":"product_cat-verrerie","10":"product_shipping_class-free-shipping","12":"first","13":"instock","14":"featured","15":"taxable","16":"shipping-taxable","17":"purchasable","18":"product-type-simple"},"_links":{"self":[{"href":"https:\/\/abinox-chr-clim.com\/index.php\/wp-json\/wp\/v2\/product\/66096","targetHints":{"allow":["GET"]}}],"collection":[{"href":"https:\/\/abinox-chr-clim.com\/index.php\/wp-json\/wp\/v2\/product"}],"about":[{"href":"https:\/\/abinox-chr-clim.com\/index.php\/wp-json\/wp\/v2\/types\/product"}],"replies":[{"embeddable":true,"href":"https:\/\/abinox-chr-clim.com\/index.php\/wp-json\/wp\/v2\/comments?post=66096"}],"wp:featuredmedia":[{"embeddable":true,"href":"https:\/\/abinox-chr-clim.com\/index.php\/wp-json\/wp\/v2\/media\/91837"}],"wp:attachment":[{"href":"https:\/\/abinox-chr-clim.com\/index.php\/wp-json\/wp\/v2\/media?parent=66096"}],"wp:term":[{"taxonomy":"product_brand","embeddable":true,"href":"https:\/\/abinox-chr-clim.com\/index.php\/wp-json\/wp\/v2\/product_brand?post=66096"},{"taxonomy":"product_cat","embeddable":true,"href":"https:\/\/abinox-chr-clim.com\/index.php\/wp-json\/wp\/v2\/product_cat?post=66096"},{"taxonomy":"product_tag","embeddable":true,"href":"https:\/\/abinox-chr-clim.com\/index.php\/wp-json\/wp\/v2\/product_tag?post=66096"}],"curies":[{"name":"wp","href":"https:\/\/api.w.org\/{rel}","templated":true}]}}