{"id":66091,"date":"2024-03-22T15:03:47","date_gmt":"2024-03-22T14:03:47","guid":{"rendered":"https:\/\/abinox-chr-clim.com\/index.php\/product\/pichet-isotherme-olympia-noir-2l\/"},"modified":"2025-08-26T14:07:01","modified_gmt":"2025-08-26T12:07:01","slug":"pichet-isotherme-olympia-noir-2l","status":"publish","type":"product","link":"https:\/\/abinox-chr-clim.com\/index.php\/product\/pichet-isotherme-olympia-noir-2l\/","title":{"rendered":"Pichet isotherme Olympia noir 2L"},"content":{"rendered":"<p>Gardez les boissons chaudes ou froides \u00e0 temp\u00e9rature avec ce pichet isotherme en acier inoxydable Olympia. En acier inoxydable isolant, il est parfait pour servir le caf\u00e9 au buffet du petit-d\u00e9jeuner ou pour conserver la fra\u00eecheur du lait tout au long du service.<br \/>. L&rsquo;isolation sous vide garde le contenu au frais plus longtemps. Lave-vaisselle.  Double paroi avec couvercle isolant pour garder les boissons chaudes plus longtemps. Le dessus en plastique isolant aide \u00e0 \u00e9viter les br\u00fblures accidentelles. M\u00e9canisme de lib\u00e9ration simple du pouce pour un versement facile. .<\/p>\n<p>Caract\u00e9ristiques :<br \/> Capacit\u00e9 : 2 L.<br \/> Dimensions : 250.<br \/> Mati\u00e8re : Polypropyl\u00e8ne.<br \/> Couleur : Noir.<\/p>\n","protected":false},"excerpt":{"rendered":"<p>Pichet isotherme Olympia noir 2L<\/p>\n","protected":false},"featured_media":92659,"comment_status":"closed","ping_status":"closed","template":"","meta":[],"product_brand":[],"product_cat":[1023,1297,1059,1051],"product_tag":[],"class_list":{"0":"post-66091","1":"product","2":"type-product","3":"status-publish","4":"has-post-thumbnail","6":"product_cat-art-de-la-table","7":"product_cat-non-palettisable","8":"product_cat-pichets-et-carafes","9":"product_cat-verrerie","10":"product_shipping_class-free-shipping","12":"first","13":"outofstock","14":"featured","15":"taxable","16":"shipping-taxable","17":"purchasable","18":"product-type-simple"},"_links":{"self":[{"href":"https:\/\/abinox-chr-clim.com\/index.php\/wp-json\/wp\/v2\/product\/66091","targetHints":{"allow":["GET"]}}],"collection":[{"href":"https:\/\/abinox-chr-clim.com\/index.php\/wp-json\/wp\/v2\/product"}],"about":[{"href":"https:\/\/abinox-chr-clim.com\/index.php\/wp-json\/wp\/v2\/types\/product"}],"replies":[{"embeddable":true,"href":"https:\/\/abinox-chr-clim.com\/index.php\/wp-json\/wp\/v2\/comments?post=66091"}],"wp:featuredmedia":[{"embeddable":true,"href":"https:\/\/abinox-chr-clim.com\/index.php\/wp-json\/wp\/v2\/media\/92659"}],"wp:attachment":[{"href":"https:\/\/abinox-chr-clim.com\/index.php\/wp-json\/wp\/v2\/media?parent=66091"}],"wp:term":[{"taxonomy":"product_brand","embeddable":true,"href":"https:\/\/abinox-chr-clim.com\/index.php\/wp-json\/wp\/v2\/product_brand?post=66091"},{"taxonomy":"product_cat","embeddable":true,"href":"https:\/\/abinox-chr-clim.com\/index.php\/wp-json\/wp\/v2\/product_cat?post=66091"},{"taxonomy":"product_tag","embeddable":true,"href":"https:\/\/abinox-chr-clim.com\/index.php\/wp-json\/wp\/v2\/product_tag?post=66091"}],"curies":[{"name":"wp","href":"https:\/\/api.w.org\/{rel}","templated":true}]}}