{"id":66090,"date":"2024-03-22T15:03:46","date_gmt":"2024-03-22T14:03:46","guid":{"rendered":"https:\/\/abinox-chr-clim.com\/index.php\/product\/carafes-a-vin-utopia-1-l-lot-de-6\/"},"modified":"2026-04-14T10:25:13","modified_gmt":"2026-04-14T08:25:13","slug":"carafes-a-vin-utopia-1-l-lot-de-6","status":"publish","type":"product","link":"https:\/\/abinox-chr-clim.com\/index.php\/product\/carafes-a-vin-utopia-1-l-lot-de-6\/","title":{"rendered":"Carafes \u00e0 vin Utopia 1 L (Lot de 6)"},"content":{"rendered":"<p>Tr\u00e8s utile pour a\u00e9rer le vin. Une touche de sobri\u00e9t\u00e9, de modernit\u00e9 et d&rsquo;\u00e9l\u00e9gance sur votre table. Un ravissant motif de raisins en relief accentue l&rsquo;esth\u00e9tique de la carafe. Lavable au lave-vaisselle. De la marque experte en art de la table Utopia.  Tr\u00e8s utile pour a\u00e9rer le vin.<\/p>\n<p>Caract\u00e9ristiques :<br \/>Lot : 6.<br \/> Capacit\u00e9 : 100 cl.<br \/> Dimensions : 262(H) x 108(\u00d8)mm.<br \/> Mati\u00e8re : Verre<\/p>\n","protected":false},"excerpt":{"rendered":"<p>Carafes \u00e0 vin Utopia 1 L (Lot de 6)<\/p>\n","protected":false},"featured_media":88676,"comment_status":"closed","ping_status":"closed","template":"","meta":[],"product_brand":[],"product_cat":[1023,1297,1059,1051],"product_tag":[],"class_list":{"0":"post-66090","1":"product","2":"type-product","3":"status-publish","4":"has-post-thumbnail","6":"product_cat-art-de-la-table","7":"product_cat-non-palettisable","8":"product_cat-pichets-et-carafes","9":"product_cat-verrerie","10":"product_shipping_class-free-shipping","12":"first","13":"instock","14":"featured","15":"taxable","16":"shipping-taxable","17":"purchasable","18":"product-type-simple"},"_links":{"self":[{"href":"https:\/\/abinox-chr-clim.com\/index.php\/wp-json\/wp\/v2\/product\/66090","targetHints":{"allow":["GET"]}}],"collection":[{"href":"https:\/\/abinox-chr-clim.com\/index.php\/wp-json\/wp\/v2\/product"}],"about":[{"href":"https:\/\/abinox-chr-clim.com\/index.php\/wp-json\/wp\/v2\/types\/product"}],"replies":[{"embeddable":true,"href":"https:\/\/abinox-chr-clim.com\/index.php\/wp-json\/wp\/v2\/comments?post=66090"}],"wp:featuredmedia":[{"embeddable":true,"href":"https:\/\/abinox-chr-clim.com\/index.php\/wp-json\/wp\/v2\/media\/88676"}],"wp:attachment":[{"href":"https:\/\/abinox-chr-clim.com\/index.php\/wp-json\/wp\/v2\/media?parent=66090"}],"wp:term":[{"taxonomy":"product_brand","embeddable":true,"href":"https:\/\/abinox-chr-clim.com\/index.php\/wp-json\/wp\/v2\/product_brand?post=66090"},{"taxonomy":"product_cat","embeddable":true,"href":"https:\/\/abinox-chr-clim.com\/index.php\/wp-json\/wp\/v2\/product_cat?post=66090"},{"taxonomy":"product_tag","embeddable":true,"href":"https:\/\/abinox-chr-clim.com\/index.php\/wp-json\/wp\/v2\/product_tag?post=66090"}],"curies":[{"name":"wp","href":"https:\/\/api.w.org\/{rel}","templated":true}]}}