{"id":66088,"date":"2024-03-22T15:03:46","date_gmt":"2024-03-22T14:03:46","guid":{"rendered":"https:\/\/abinox-chr-clim.com\/index.php\/product\/pichet-a-lait-antiadhesif-noir-olympia-900-ml\/"},"modified":"2026-04-29T10:21:50","modified_gmt":"2026-04-29T08:21:50","slug":"pichet-a-lait-antiadhesif-noir-olympia-900-ml","status":"publish","type":"product","link":"https:\/\/abinox-chr-clim.com\/index.php\/product\/pichet-a-lait-antiadhesif-noir-olympia-900-ml\/","title":{"rendered":"Pichet \u00e0 lait antiadh\u00e9sif noir Olympia 900 ml"},"content":{"rendered":"<p>\u00c9l\u00e9gant pichet \u00e0 lait antiadh\u00e9sif en inox permettant de faire mousser le lait pour toutes les boissons gourmandes.<br \/>Bec verseur fin pour une distribution contr\u00f4l\u00e9e et pr\u00e9cise. Le rev\u00eatement antiadh\u00e9sif emp\u00eache les r\u00e9sidus br\u00fbl\u00e9s. Le bec pr\u00e9cis rend la cruche id\u00e9ale pour l&rsquo;art du latte d\u00e9licat. La poign\u00e9e \u00e0 crochet permet un rangement pratique et une manipulation confortable. La base large aide \u00e0 am\u00e9liorer la stabilit\u00e9 et \u00e0 pr\u00e9venir les d\u00e9versements. La construction en acier inoxydable offre une excellente durabilit\u00e9 et r\u00e9sistance \u00e0 la rouille ou \u00e0 la corrosion. Le coloris noir ajoute une touche audacieuse et \u00e9l\u00e9gante \u00e0 vos services de boissons. Passe au lave-vaisselle pour un nettoyage simple et rapide.Bec verseur fin pour une distribution contr\u00f4l\u00e9e et pr\u00e9cise.<\/p>\n<p>Caract\u00e9ristiques :<br \/> Capacit\u00e9 : 900ml.<br \/> Dimensions : 130(H) x 105(\u00d8)mm.<br \/> Mati\u00e8re : Inox.<br \/> Couleur : Noir.<\/p>\n","protected":false},"excerpt":{"rendered":"<p>Pichet \u00e0 lait antiadh\u00e9sif noir Olympia 900 ml<\/p>\n","protected":false},"featured_media":84779,"comment_status":"closed","ping_status":"closed","template":"","meta":[],"product_brand":[],"product_cat":[1023,1297,1059,1051],"product_tag":[],"class_list":{"0":"post-66088","1":"product","2":"type-product","3":"status-publish","4":"has-post-thumbnail","6":"product_cat-art-de-la-table","7":"product_cat-non-palettisable","8":"product_cat-pichets-et-carafes","9":"product_cat-verrerie","10":"product_shipping_class-free-shipping","12":"first","13":"instock","14":"featured","15":"taxable","16":"shipping-taxable","17":"purchasable","18":"product-type-simple"},"_links":{"self":[{"href":"https:\/\/abinox-chr-clim.com\/index.php\/wp-json\/wp\/v2\/product\/66088","targetHints":{"allow":["GET"]}}],"collection":[{"href":"https:\/\/abinox-chr-clim.com\/index.php\/wp-json\/wp\/v2\/product"}],"about":[{"href":"https:\/\/abinox-chr-clim.com\/index.php\/wp-json\/wp\/v2\/types\/product"}],"replies":[{"embeddable":true,"href":"https:\/\/abinox-chr-clim.com\/index.php\/wp-json\/wp\/v2\/comments?post=66088"}],"wp:featuredmedia":[{"embeddable":true,"href":"https:\/\/abinox-chr-clim.com\/index.php\/wp-json\/wp\/v2\/media\/84779"}],"wp:attachment":[{"href":"https:\/\/abinox-chr-clim.com\/index.php\/wp-json\/wp\/v2\/media?parent=66088"}],"wp:term":[{"taxonomy":"product_brand","embeddable":true,"href":"https:\/\/abinox-chr-clim.com\/index.php\/wp-json\/wp\/v2\/product_brand?post=66088"},{"taxonomy":"product_cat","embeddable":true,"href":"https:\/\/abinox-chr-clim.com\/index.php\/wp-json\/wp\/v2\/product_cat?post=66088"},{"taxonomy":"product_tag","embeddable":true,"href":"https:\/\/abinox-chr-clim.com\/index.php\/wp-json\/wp\/v2\/product_tag?post=66088"}],"curies":[{"name":"wp","href":"https:\/\/api.w.org\/{rel}","templated":true}]}}