{"id":66065,"date":"2024-03-22T15:03:36","date_gmt":"2024-03-22T14:03:36","guid":{"rendered":"https:\/\/abinox-chr-clim.com\/index.php\/product\/gobelets-en-cristal-schott-zwiesel-pure-389ml-lot-de-6\/"},"modified":"2026-04-02T09:48:09","modified_gmt":"2026-04-02T07:48:09","slug":"gobelets-en-cristal-schott-zwiesel-pure-389ml-lot-de-6","status":"publish","type":"product","link":"https:\/\/abinox-chr-clim.com\/index.php\/product\/gobelets-en-cristal-schott-zwiesel-pure-389ml-lot-de-6\/","title":{"rendered":"Gobelets en cristal Schott Zwiesel Pure 389ml (lot de 6)"},"content":{"rendered":"<p>Une verrerie contemporaine \u00e9clatante qui permet une v\u00e9ritable exp\u00e9rience gastronomique. Id\u00e9ale pour une cuisine raffin\u00e9e, au restaurant comme \u00e0 la maison. Fabriqu\u00e9e \u00e0 partir de Tritan\u00ae, durable, \u00e9tincelant et r\u00e9sistant au lave-vaisselle.<br \/>. .<br \/> Caract\u00e9ristiques :<br \/>Lot : 6.<br \/> Capacit\u00e9 : 38,9 cl.<br \/> Dimensions : 90(H) x 96(\u00d8) mm.<br \/> Mati\u00e8re : Verre en cristal.<br \/> Couleur : Transparent.<\/p>\n","protected":false},"excerpt":{"rendered":"<p>Gobelets en cristal Schott Zwiesel Pure 389ml (lot de 6)<\/p>\n","protected":false},"featured_media":101331,"comment_status":"closed","ping_status":"closed","template":"","meta":[],"product_brand":[],"product_cat":[1023,1058,1297,1051],"product_tag":[],"class_list":{"0":"post-66065","1":"product","2":"type-product","3":"status-publish","4":"has-post-thumbnail","6":"product_cat-art-de-la-table","7":"product_cat-divers-verrerie","8":"product_cat-non-palettisable","9":"product_cat-verrerie","10":"product_shipping_class-free-shipping","12":"first","13":"instock","14":"featured","15":"taxable","16":"shipping-taxable","17":"purchasable","18":"product-type-simple"},"_links":{"self":[{"href":"https:\/\/abinox-chr-clim.com\/index.php\/wp-json\/wp\/v2\/product\/66065","targetHints":{"allow":["GET"]}}],"collection":[{"href":"https:\/\/abinox-chr-clim.com\/index.php\/wp-json\/wp\/v2\/product"}],"about":[{"href":"https:\/\/abinox-chr-clim.com\/index.php\/wp-json\/wp\/v2\/types\/product"}],"replies":[{"embeddable":true,"href":"https:\/\/abinox-chr-clim.com\/index.php\/wp-json\/wp\/v2\/comments?post=66065"}],"wp:featuredmedia":[{"embeddable":true,"href":"https:\/\/abinox-chr-clim.com\/index.php\/wp-json\/wp\/v2\/media\/101331"}],"wp:attachment":[{"href":"https:\/\/abinox-chr-clim.com\/index.php\/wp-json\/wp\/v2\/media?parent=66065"}],"wp:term":[{"taxonomy":"product_brand","embeddable":true,"href":"https:\/\/abinox-chr-clim.com\/index.php\/wp-json\/wp\/v2\/product_brand?post=66065"},{"taxonomy":"product_cat","embeddable":true,"href":"https:\/\/abinox-chr-clim.com\/index.php\/wp-json\/wp\/v2\/product_cat?post=66065"},{"taxonomy":"product_tag","embeddable":true,"href":"https:\/\/abinox-chr-clim.com\/index.php\/wp-json\/wp\/v2\/product_tag?post=66065"}],"curies":[{"name":"wp","href":"https:\/\/api.w.org\/{rel}","templated":true}]}}