{"id":66056,"date":"2024-03-22T15:03:33","date_gmt":"2024-03-22T14:03:33","guid":{"rendered":"https:\/\/abinox-chr-clim.com\/index.php\/product\/verres-a-biere-tulipe-arcoroc-591-ml-ce-lot-de-24\/"},"modified":"2026-04-02T10:09:18","modified_gmt":"2026-04-02T08:09:18","slug":"verres-a-biere-tulipe-arcoroc-591-ml-ce-lot-de-24","status":"publish","type":"product","link":"https:\/\/abinox-chr-clim.com\/index.php\/product\/verres-a-biere-tulipe-arcoroc-591-ml-ce-lot-de-24\/","title":{"rendered":"Verres \u00e0 bi\u00e8re tulipe Arcoroc 591 ml CE (lot de 24)"},"content":{"rendered":"<p>Fome \u00e9l\u00e9gante. Empilage. Marquage CE. Passe au lave-verres.<br \/>.La forme tulipe embellit votre service boissons et vos espaces. La conception empilable aide \u00e0 maximiser votre espace de stockage. Marquage CE pour des mesures pr\u00e9cises. Passe au lave-verres pour un nettoyage rapide et facile. .<br \/> Caract\u00e9ristiques :<br \/>Lot : 24.<br \/> Capacit\u00e9 : 57 cl.<br \/> Dimensions : 162(H) x 84(\u00d8) mm.<br \/> Mati\u00e8re : Verre tremp\u00e9<\/p>\n","protected":false},"excerpt":{"rendered":"<p>Verres \u00e0 bi\u00e8re tulipe Arcoroc 591 ml CE (lot de 24)<\/p>\n","protected":false},"featured_media":105210,"comment_status":"closed","ping_status":"closed","template":"","meta":[],"product_brand":[],"product_cat":[1023,1058,1297,1051],"product_tag":[],"class_list":{"0":"post-66056","1":"product","2":"type-product","3":"status-publish","4":"has-post-thumbnail","6":"product_cat-art-de-la-table","7":"product_cat-divers-verrerie","8":"product_cat-non-palettisable","9":"product_cat-verrerie","10":"product_shipping_class-free-shipping","12":"first","13":"instock","14":"featured","15":"taxable","16":"shipping-taxable","17":"purchasable","18":"product-type-simple"},"_links":{"self":[{"href":"https:\/\/abinox-chr-clim.com\/index.php\/wp-json\/wp\/v2\/product\/66056","targetHints":{"allow":["GET"]}}],"collection":[{"href":"https:\/\/abinox-chr-clim.com\/index.php\/wp-json\/wp\/v2\/product"}],"about":[{"href":"https:\/\/abinox-chr-clim.com\/index.php\/wp-json\/wp\/v2\/types\/product"}],"replies":[{"embeddable":true,"href":"https:\/\/abinox-chr-clim.com\/index.php\/wp-json\/wp\/v2\/comments?post=66056"}],"wp:featuredmedia":[{"embeddable":true,"href":"https:\/\/abinox-chr-clim.com\/index.php\/wp-json\/wp\/v2\/media\/105210"}],"wp:attachment":[{"href":"https:\/\/abinox-chr-clim.com\/index.php\/wp-json\/wp\/v2\/media?parent=66056"}],"wp:term":[{"taxonomy":"product_brand","embeddable":true,"href":"https:\/\/abinox-chr-clim.com\/index.php\/wp-json\/wp\/v2\/product_brand?post=66056"},{"taxonomy":"product_cat","embeddable":true,"href":"https:\/\/abinox-chr-clim.com\/index.php\/wp-json\/wp\/v2\/product_cat?post=66056"},{"taxonomy":"product_tag","embeddable":true,"href":"https:\/\/abinox-chr-clim.com\/index.php\/wp-json\/wp\/v2\/product_tag?post=66056"}],"curies":[{"name":"wp","href":"https:\/\/api.w.org\/{rel}","templated":true}]}}