{"id":66039,"date":"2024-03-22T15:03:26","date_gmt":"2024-03-22T14:03:26","guid":{"rendered":"https:\/\/abinox-chr-clim.com\/index.php\/product\/verres-a-biere-coniques-nuclees-max-utopia-280-ml-ce-lot-de-48\/"},"modified":"2025-06-30T11:54:52","modified_gmt":"2025-06-30T09:54:52","slug":"verres-a-biere-coniques-nuclees-max-utopia-280-ml-ce-lot-de-48","status":"publish","type":"product","link":"https:\/\/abinox-chr-clim.com\/index.php\/product\/verres-a-biere-coniques-nuclees-max-utopia-280-ml-ce-lot-de-48\/","title":{"rendered":"Verres \u00e0 bi\u00e8re coniques nucl\u00e9\u00e9s Max Utopia 280 ml CE (lot de 48)"},"content":{"rendered":"<p>Design simple pratique et universel. Le verre se brise en petits fragments pour une plus grande s\u00e9curit\u00e9. Con\u00e7u pour un usage quotidien. De la marque sp\u00e9cialis\u00e9e en arts de la table Utopia. La nucl\u00e9ation Activator Max maintient les boissons gazeuses p\u00e9tillantes plus longtemps.  Design simple pratique et universel.<\/p>\n<p>Caract\u00e9ristiques :<br \/>Lot : 48.<br \/> Capacit\u00e9 : 28 cl.<br \/> Dimensions : 120(H) x 72(\u00d8) mm.<br \/> Mati\u00e8re : Verre tremp\u00e9.<br \/> Couleur : Transparent.<\/p>\n","protected":false},"excerpt":{"rendered":"<p>Verres \u00e0 bi\u00e8re coniques nucl\u00e9\u00e9s Max Utopia 280 ml CE (lot de 48)<\/p>\n","protected":false},"featured_media":96517,"comment_status":"closed","ping_status":"closed","template":"","meta":[],"product_brand":[],"product_cat":[1023,1058,1297,1051],"product_tag":[],"class_list":{"0":"post-66039","1":"product","2":"type-product","3":"status-publish","4":"has-post-thumbnail","6":"product_cat-art-de-la-table","7":"product_cat-divers-verrerie","8":"product_cat-non-palettisable","9":"product_cat-verrerie","10":"product_shipping_class-free-shipping","12":"first","13":"outofstock","14":"featured","15":"taxable","16":"shipping-taxable","17":"purchasable","18":"product-type-simple"},"_links":{"self":[{"href":"https:\/\/abinox-chr-clim.com\/index.php\/wp-json\/wp\/v2\/product\/66039","targetHints":{"allow":["GET"]}}],"collection":[{"href":"https:\/\/abinox-chr-clim.com\/index.php\/wp-json\/wp\/v2\/product"}],"about":[{"href":"https:\/\/abinox-chr-clim.com\/index.php\/wp-json\/wp\/v2\/types\/product"}],"replies":[{"embeddable":true,"href":"https:\/\/abinox-chr-clim.com\/index.php\/wp-json\/wp\/v2\/comments?post=66039"}],"wp:featuredmedia":[{"embeddable":true,"href":"https:\/\/abinox-chr-clim.com\/index.php\/wp-json\/wp\/v2\/media\/96517"}],"wp:attachment":[{"href":"https:\/\/abinox-chr-clim.com\/index.php\/wp-json\/wp\/v2\/media?parent=66039"}],"wp:term":[{"taxonomy":"product_brand","embeddable":true,"href":"https:\/\/abinox-chr-clim.com\/index.php\/wp-json\/wp\/v2\/product_brand?post=66039"},{"taxonomy":"product_cat","embeddable":true,"href":"https:\/\/abinox-chr-clim.com\/index.php\/wp-json\/wp\/v2\/product_cat?post=66039"},{"taxonomy":"product_tag","embeddable":true,"href":"https:\/\/abinox-chr-clim.com\/index.php\/wp-json\/wp\/v2\/product_tag?post=66039"}],"curies":[{"name":"wp","href":"https:\/\/api.w.org\/{rel}","templated":true}]}}