{"id":66026,"date":"2024-03-22T15:03:22","date_gmt":"2024-03-22T14:03:22","guid":{"rendered":"https:\/\/abinox-chr-clim.com\/index.php\/product\/couvercle-pour-pichet-ou-sous-verre-roltex-aqua-rouge\/"},"modified":"2026-04-24T09:58:53","modified_gmt":"2026-04-24T07:58:53","slug":"couvercle-pour-pichet-ou-sous-verre-roltex-aqua-rouge","status":"publish","type":"product","link":"https:\/\/abinox-chr-clim.com\/index.php\/product\/couvercle-pour-pichet-ou-sous-verre-roltex-aqua-rouge\/","title":{"rendered":"Couvercle pour pichet ou sous-verre Roltex AQUA rouge"},"content":{"rendered":"<p>Couvercles flexibles en plastique sans BPA pouvant \u00e9galement \u00eatre utilis\u00e9s comme sous-verres. Diff\u00e9rents coloris disponibles.<br \/>Sans BPA. Incassable. Empilable. L\u00e9ger. Compatible lave-vaisselle. Compatible micro-ondes.  Sans BPA.<\/p>\n<p>Caract\u00e9ristiques :<br \/> Dimensions : 11(H) x 89(\u00d8) mm.<br \/> Mati\u00e8re : Plastique.<br \/> Couleur : Rouge.<\/p>\n","protected":false},"excerpt":{"rendered":"<p>Couvercle pour pichet ou sous-verre Roltex AQUA rouge<\/p>\n","protected":false},"featured_media":103102,"comment_status":"closed","ping_status":"closed","template":"","meta":[],"product_brand":[],"product_cat":[1023,1058,1297,1051],"product_tag":[],"class_list":{"0":"post-66026","1":"product","2":"type-product","3":"status-publish","4":"has-post-thumbnail","6":"product_cat-art-de-la-table","7":"product_cat-divers-verrerie","8":"product_cat-non-palettisable","9":"product_cat-verrerie","10":"product_shipping_class-free-shipping","12":"first","13":"instock","14":"featured","15":"taxable","16":"shipping-taxable","17":"purchasable","18":"product-type-simple"},"_links":{"self":[{"href":"https:\/\/abinox-chr-clim.com\/index.php\/wp-json\/wp\/v2\/product\/66026","targetHints":{"allow":["GET"]}}],"collection":[{"href":"https:\/\/abinox-chr-clim.com\/index.php\/wp-json\/wp\/v2\/product"}],"about":[{"href":"https:\/\/abinox-chr-clim.com\/index.php\/wp-json\/wp\/v2\/types\/product"}],"replies":[{"embeddable":true,"href":"https:\/\/abinox-chr-clim.com\/index.php\/wp-json\/wp\/v2\/comments?post=66026"}],"wp:featuredmedia":[{"embeddable":true,"href":"https:\/\/abinox-chr-clim.com\/index.php\/wp-json\/wp\/v2\/media\/103102"}],"wp:attachment":[{"href":"https:\/\/abinox-chr-clim.com\/index.php\/wp-json\/wp\/v2\/media?parent=66026"}],"wp:term":[{"taxonomy":"product_brand","embeddable":true,"href":"https:\/\/abinox-chr-clim.com\/index.php\/wp-json\/wp\/v2\/product_brand?post=66026"},{"taxonomy":"product_cat","embeddable":true,"href":"https:\/\/abinox-chr-clim.com\/index.php\/wp-json\/wp\/v2\/product_cat?post=66026"},{"taxonomy":"product_tag","embeddable":true,"href":"https:\/\/abinox-chr-clim.com\/index.php\/wp-json\/wp\/v2\/product_tag?post=66026"}],"curies":[{"name":"wp","href":"https:\/\/api.w.org\/{rel}","templated":true}]}}