{"id":66016,"date":"2024-03-22T15:03:17","date_gmt":"2024-03-22T14:03:17","guid":{"rendered":"https:\/\/abinox-chr-clim.com\/index.php\/product\/verres-a-gin-serena-olympia-650ml-lot-de-6\/"},"modified":"2025-06-30T11:50:15","modified_gmt":"2025-06-30T09:50:15","slug":"verres-a-gin-serena-olympia-650ml-lot-de-6","status":"publish","type":"product","link":"https:\/\/abinox-chr-clim.com\/index.php\/product\/verres-a-gin-serena-olympia-650ml-lot-de-6\/","title":{"rendered":"Verres \u00e0 gin Serena Olympia 650ml (lot de 6)"},"content":{"rendered":"<p>Compl\u00e9tez votre ensemble de verrerie avec un \u00e9l\u00e9ment pratique et \u00e9l\u00e9gant de la collection Serena Olympia. Compatible lave-verres.<br \/>Capacit\u00e9 650ml.Dimensions 209(H) x 108(\u00d8)mm. Mat\u00e9riau : verre. Poids : 205g. Transparent. Bord roul\u00e9 pour la durabilit\u00e9 et la pr\u00e9vention des \u00e9clats. Conception lavable au lave-verre pour un nettoyage rapide. Produit sans marquage CE. Capacit\u00e9 650ml.<\/p>\n<p>Caract\u00e9ristiques :<br \/>Lot : 6.<br \/> Dimensions : 209(H) mm.<br \/> Mati\u00e8re : Verre.<br \/> Couleur : Transparent.<\/p>\n","protected":false},"excerpt":{"rendered":"<p>Verres \u00e0 gin Serena Olympia 650ml (lot de 6)<\/p>\n","protected":false},"featured_media":88624,"comment_status":"closed","ping_status":"closed","template":"","meta":[],"product_brand":[],"product_cat":[1023,1058,1297,1051],"product_tag":[],"class_list":{"0":"post-66016","1":"product","2":"type-product","3":"status-publish","4":"has-post-thumbnail","6":"product_cat-art-de-la-table","7":"product_cat-divers-verrerie","8":"product_cat-non-palettisable","9":"product_cat-verrerie","10":"product_shipping_class-free-shipping","12":"first","13":"outofstock","14":"featured","15":"taxable","16":"shipping-taxable","17":"purchasable","18":"product-type-simple"},"_links":{"self":[{"href":"https:\/\/abinox-chr-clim.com\/index.php\/wp-json\/wp\/v2\/product\/66016","targetHints":{"allow":["GET"]}}],"collection":[{"href":"https:\/\/abinox-chr-clim.com\/index.php\/wp-json\/wp\/v2\/product"}],"about":[{"href":"https:\/\/abinox-chr-clim.com\/index.php\/wp-json\/wp\/v2\/types\/product"}],"replies":[{"embeddable":true,"href":"https:\/\/abinox-chr-clim.com\/index.php\/wp-json\/wp\/v2\/comments?post=66016"}],"wp:featuredmedia":[{"embeddable":true,"href":"https:\/\/abinox-chr-clim.com\/index.php\/wp-json\/wp\/v2\/media\/88624"}],"wp:attachment":[{"href":"https:\/\/abinox-chr-clim.com\/index.php\/wp-json\/wp\/v2\/media?parent=66016"}],"wp:term":[{"taxonomy":"product_brand","embeddable":true,"href":"https:\/\/abinox-chr-clim.com\/index.php\/wp-json\/wp\/v2\/product_brand?post=66016"},{"taxonomy":"product_cat","embeddable":true,"href":"https:\/\/abinox-chr-clim.com\/index.php\/wp-json\/wp\/v2\/product_cat?post=66016"},{"taxonomy":"product_tag","embeddable":true,"href":"https:\/\/abinox-chr-clim.com\/index.php\/wp-json\/wp\/v2\/product_tag?post=66016"}],"curies":[{"name":"wp","href":"https:\/\/api.w.org\/{rel}","templated":true}]}}