{"id":66010,"date":"2024-03-22T15:03:15","date_gmt":"2024-03-22T14:03:15","guid":{"rendered":"https:\/\/abinox-chr-clim.com\/index.php\/product\/verres-a-shot-utopia-shooter-25-ml-lot-de-100\/"},"modified":"2026-04-24T10:43:56","modified_gmt":"2026-04-24T08:43:56","slug":"verres-a-shot-utopia-shooter-25-ml-lot-de-100","status":"publish","type":"product","link":"https:\/\/abinox-chr-clim.com\/index.php\/product\/verres-a-shot-utopia-shooter-25-ml-lot-de-100\/","title":{"rendered":"Verres \u00e0 shot Utopia Shooter 25 ml (lot de 100)"},"content":{"rendered":"<p>Shooter de conception classique. La base lourde donne une sensation de qualit\u00e9 et de luxe. Faciles \u00e0 stocker et ramasser gr\u00e2ce \u00e0 une taille et un design compacts. Compatible lave-vaisselle. De la marque sp\u00e9cialis\u00e9e en arts de la table Utopia.  Shooter de conception classique.<\/p>\n<p>Caract\u00e9ristiques :<br \/>Lot : 100.<br \/> Capacit\u00e9 : 2,5 cl.<br \/> Dimensions : 77(H) x 38(\u00d8) mm.<br \/> Mati\u00e8re : Verre.<br \/> Couleur : Transparent.<\/p>\n","protected":false},"excerpt":{"rendered":"<p>Verres \u00e0 shot Utopia Shooter 25 ml (lot de 100)<\/p>\n","protected":false},"featured_media":87162,"comment_status":"closed","ping_status":"closed","template":"","meta":[],"product_brand":[],"product_cat":[1023,1058,1297,1051],"product_tag":[],"class_list":{"0":"post-66010","1":"product","2":"type-product","3":"status-publish","4":"has-post-thumbnail","6":"product_cat-art-de-la-table","7":"product_cat-divers-verrerie","8":"product_cat-non-palettisable","9":"product_cat-verrerie","10":"product_shipping_class-free-shipping","12":"first","13":"outofstock","14":"featured","15":"taxable","16":"shipping-taxable","17":"purchasable","18":"product-type-simple"},"_links":{"self":[{"href":"https:\/\/abinox-chr-clim.com\/index.php\/wp-json\/wp\/v2\/product\/66010","targetHints":{"allow":["GET"]}}],"collection":[{"href":"https:\/\/abinox-chr-clim.com\/index.php\/wp-json\/wp\/v2\/product"}],"about":[{"href":"https:\/\/abinox-chr-clim.com\/index.php\/wp-json\/wp\/v2\/types\/product"}],"replies":[{"embeddable":true,"href":"https:\/\/abinox-chr-clim.com\/index.php\/wp-json\/wp\/v2\/comments?post=66010"}],"wp:featuredmedia":[{"embeddable":true,"href":"https:\/\/abinox-chr-clim.com\/index.php\/wp-json\/wp\/v2\/media\/87162"}],"wp:attachment":[{"href":"https:\/\/abinox-chr-clim.com\/index.php\/wp-json\/wp\/v2\/media?parent=66010"}],"wp:term":[{"taxonomy":"product_brand","embeddable":true,"href":"https:\/\/abinox-chr-clim.com\/index.php\/wp-json\/wp\/v2\/product_brand?post=66010"},{"taxonomy":"product_cat","embeddable":true,"href":"https:\/\/abinox-chr-clim.com\/index.php\/wp-json\/wp\/v2\/product_cat?post=66010"},{"taxonomy":"product_tag","embeddable":true,"href":"https:\/\/abinox-chr-clim.com\/index.php\/wp-json\/wp\/v2\/product_tag?post=66010"}],"curies":[{"name":"wp","href":"https:\/\/api.w.org\/{rel}","templated":true}]}}