{"id":65991,"date":"2024-03-22T15:03:08","date_gmt":"2024-03-22T14:03:08","guid":{"rendered":"https:\/\/abinox-chr-clim.com\/index.php\/product\/verres-a-biere-coniques-nuclees-utopia-senator-570ml-estampilles-ce-lot-de-24\/"},"modified":"2026-04-15T10:17:27","modified_gmt":"2026-04-15T08:17:27","slug":"verres-a-biere-coniques-nuclees-utopia-senator-570ml-estampilles-ce-lot-de-24","status":"publish","type":"product","link":"https:\/\/abinox-chr-clim.com\/index.php\/product\/verres-a-biere-coniques-nuclees-utopia-senator-570ml-estampilles-ce-lot-de-24\/","title":{"rendered":"Verres \u00e0 bi\u00e8re coniques nucl\u00e9\u00e9s Utopia Senator 570ml estampill\u00e9s CE (lot de 24)"},"content":{"rendered":"<p>Verre simple et polyvalent. Passe au lave-verres.<br \/>Passe au lave-verre. Estampill\u00e9 CE. Verre nucl\u00e9\u00e9 pour conserver la mousse.  Poids par pi\u00e8ce : 19,4 g. Passe au lave-verre.<\/p>\n<p>Caract\u00e9ristiques :<br \/>Lot : 24.<br \/> Capacit\u00e9 : 57 cl.<br \/> Dimensions : 180(H) x 80(\u00d8) mm.<br \/> Mati\u00e8re : Verre.<br \/> Couleur : Transparent.<\/p>\n","protected":false},"excerpt":{"rendered":"<p>Verres \u00e0 bi\u00e8re coniques nucl\u00e9\u00e9s Utopia Senator 570ml estampill\u00e9s CE (lot de 24)<\/p>\n","protected":false},"featured_media":103332,"comment_status":"closed","ping_status":"closed","template":"","meta":[],"product_brand":[],"product_cat":[1023,1058,1297,1051],"product_tag":[],"class_list":{"0":"post-65991","1":"product","2":"type-product","3":"status-publish","4":"has-post-thumbnail","6":"product_cat-art-de-la-table","7":"product_cat-divers-verrerie","8":"product_cat-non-palettisable","9":"product_cat-verrerie","10":"product_shipping_class-free-shipping","12":"first","13":"instock","14":"featured","15":"taxable","16":"shipping-taxable","17":"purchasable","18":"product-type-simple"},"_links":{"self":[{"href":"https:\/\/abinox-chr-clim.com\/index.php\/wp-json\/wp\/v2\/product\/65991","targetHints":{"allow":["GET"]}}],"collection":[{"href":"https:\/\/abinox-chr-clim.com\/index.php\/wp-json\/wp\/v2\/product"}],"about":[{"href":"https:\/\/abinox-chr-clim.com\/index.php\/wp-json\/wp\/v2\/types\/product"}],"replies":[{"embeddable":true,"href":"https:\/\/abinox-chr-clim.com\/index.php\/wp-json\/wp\/v2\/comments?post=65991"}],"wp:featuredmedia":[{"embeddable":true,"href":"https:\/\/abinox-chr-clim.com\/index.php\/wp-json\/wp\/v2\/media\/103332"}],"wp:attachment":[{"href":"https:\/\/abinox-chr-clim.com\/index.php\/wp-json\/wp\/v2\/media?parent=65991"}],"wp:term":[{"taxonomy":"product_brand","embeddable":true,"href":"https:\/\/abinox-chr-clim.com\/index.php\/wp-json\/wp\/v2\/product_brand?post=65991"},{"taxonomy":"product_cat","embeddable":true,"href":"https:\/\/abinox-chr-clim.com\/index.php\/wp-json\/wp\/v2\/product_cat?post=65991"},{"taxonomy":"product_tag","embeddable":true,"href":"https:\/\/abinox-chr-clim.com\/index.php\/wp-json\/wp\/v2\/product_tag?post=65991"}],"curies":[{"name":"wp","href":"https:\/\/api.w.org\/{rel}","templated":true}]}}