{"id":65990,"date":"2024-03-22T15:03:07","date_gmt":"2024-03-22T14:03:07","guid":{"rendered":"https:\/\/abinox-chr-clim.com\/index.php\/product\/verres-a-liqueur-utopia-elgin-30ml-lot-de-12\/"},"modified":"2026-04-23T09:51:22","modified_gmt":"2026-04-23T07:51:22","slug":"verres-a-liqueur-utopia-elgin-30ml-lot-de-12","status":"publish","type":"product","link":"https:\/\/abinox-chr-clim.com\/index.php\/product\/verres-a-liqueur-utopia-elgin-30ml-lot-de-12\/","title":{"rendered":"Verres \u00e0 liqueur Utopia Elgin 30ml (lot de 12)"},"content":{"rendered":"<p>Verres sp\u00e9ciaux pour le service des diff\u00e9rentes liqueurs. L&rsquo;option de les remplir \u00e0 ras bord vous permettra d&rsquo;\u00e9viter le gaspillage et ainsi augmenter vos profits. Ces verres sp\u00e9ciaux sont \u00e9galement marqu\u00e9s \u00e0 25ml. Lavable au lave-verres.<br \/>Le bol \u00e9troit emprisonne les ar\u00f4mes des liqueurs et autres boissons alcoolis\u00e9es aromatiques. Sa petite capacit\u00e9 de 30 ml en fait un verre \u00e0 porto, \u00e0 liqueur ou \u00e0 ap\u00e9ritif parfait. Forme haute et \u00e9lanc\u00e9e. Passe au lave-verres pour un nettoyage facile et rapide. Le verre solide et durable r\u00e9sistera \u00e0 une utilisation quotidienne dans les bars \u00e0 forte fr\u00e9quentation. Attention &#8211; ce verre \u00e0 liqueur n&rsquo;est pas marqu\u00e9 CE.Poids par pi\u00e8ce : 10,5 g. Le bol \u00e9troit emprisonne les ar\u00f4mes des liqueurs et autres boissons alcoolis\u00e9es aromatiques.<\/p>\n<p>Caract\u00e9ristiques :<br \/>Lot : 12.<br \/> Capacit\u00e9 : 3 cl.<br \/> Dimensions : 95(H) x 45(\u00d8) mm.<br \/> Mati\u00e8re : Verre.<br \/> Couleur : Transparent.<\/p>\n","protected":false},"excerpt":{"rendered":"<p>Verres \u00e0 liqueur Utopia Elgin 30ml (lot de 12)<\/p>\n","protected":false},"featured_media":98724,"comment_status":"closed","ping_status":"closed","template":"","meta":[],"product_brand":[],"product_cat":[1023,1057,1297,1051],"product_tag":[],"class_list":{"0":"post-65990","1":"product","2":"type-product","3":"status-publish","4":"has-post-thumbnail","6":"product_cat-art-de-la-table","7":"product_cat-digestifs-et-cognac","8":"product_cat-non-palettisable","9":"product_cat-verrerie","10":"product_shipping_class-free-shipping","12":"first","13":"outofstock","14":"featured","15":"taxable","16":"shipping-taxable","17":"purchasable","18":"product-type-simple"},"_links":{"self":[{"href":"https:\/\/abinox-chr-clim.com\/index.php\/wp-json\/wp\/v2\/product\/65990","targetHints":{"allow":["GET"]}}],"collection":[{"href":"https:\/\/abinox-chr-clim.com\/index.php\/wp-json\/wp\/v2\/product"}],"about":[{"href":"https:\/\/abinox-chr-clim.com\/index.php\/wp-json\/wp\/v2\/types\/product"}],"replies":[{"embeddable":true,"href":"https:\/\/abinox-chr-clim.com\/index.php\/wp-json\/wp\/v2\/comments?post=65990"}],"wp:featuredmedia":[{"embeddable":true,"href":"https:\/\/abinox-chr-clim.com\/index.php\/wp-json\/wp\/v2\/media\/98724"}],"wp:attachment":[{"href":"https:\/\/abinox-chr-clim.com\/index.php\/wp-json\/wp\/v2\/media?parent=65990"}],"wp:term":[{"taxonomy":"product_brand","embeddable":true,"href":"https:\/\/abinox-chr-clim.com\/index.php\/wp-json\/wp\/v2\/product_brand?post=65990"},{"taxonomy":"product_cat","embeddable":true,"href":"https:\/\/abinox-chr-clim.com\/index.php\/wp-json\/wp\/v2\/product_cat?post=65990"},{"taxonomy":"product_tag","embeddable":true,"href":"https:\/\/abinox-chr-clim.com\/index.php\/wp-json\/wp\/v2\/product_tag?post=65990"}],"curies":[{"name":"wp","href":"https:\/\/api.w.org\/{rel}","templated":true}]}}