{"id":65988,"date":"2024-03-22T15:03:07","date_gmt":"2024-03-22T14:03:07","guid":{"rendered":"https:\/\/abinox-chr-clim.com\/index.php\/product\/verre-a-cognac-bar-collection-olympia-400ml-lot-de-6\/"},"modified":"2026-04-02T08:49:37","modified_gmt":"2026-04-02T06:49:37","slug":"verre-a-cognac-bar-collection-olympia-400ml-lot-de-6","status":"publish","type":"product","link":"https:\/\/abinox-chr-clim.com\/index.php\/product\/verre-a-cognac-bar-collection-olympia-400ml-lot-de-6\/","title":{"rendered":"Verre \u00e0 cognac Bar Collection Olympia 400ml (Lot de 6)"},"content":{"rendered":"<p>Collection intemporelle de verres en cristal sans plomb, id\u00e9ale pour tout bar ou restaurant. Les lignes \u00e9pur\u00e9es apportent une \u00e9l\u00e9gance simple, ainsi que la durabilit\u00e9. Passe au lave-verres.<br \/>Compatible lave-verres. Compatible lave-verres.<\/p>\n<p>Caract\u00e9ristiques :<br \/>Lot : 6.<br \/> Capacit\u00e9 : 400ml.<br \/> Dimensions : 125(H)x 95(\u00d8)mm.<br \/> Mati\u00e8re : Cristal sans plomb.<br \/> Couleur : Transparent.<\/p>\n","protected":false},"excerpt":{"rendered":"<p>Verre \u00e0 cognac Bar Collection Olympia 400ml (Lot de 6)<\/p>\n","protected":false},"featured_media":101493,"comment_status":"closed","ping_status":"closed","template":"","meta":[],"product_brand":[],"product_cat":[1023,1057,1297,1051],"product_tag":[],"class_list":{"0":"post-65988","1":"product","2":"type-product","3":"status-publish","4":"has-post-thumbnail","6":"product_cat-art-de-la-table","7":"product_cat-digestifs-et-cognac","8":"product_cat-non-palettisable","9":"product_cat-verrerie","10":"product_shipping_class-free-shipping","12":"first","13":"outofstock","14":"featured","15":"taxable","16":"shipping-taxable","17":"purchasable","18":"product-type-simple"},"_links":{"self":[{"href":"https:\/\/abinox-chr-clim.com\/index.php\/wp-json\/wp\/v2\/product\/65988","targetHints":{"allow":["GET"]}}],"collection":[{"href":"https:\/\/abinox-chr-clim.com\/index.php\/wp-json\/wp\/v2\/product"}],"about":[{"href":"https:\/\/abinox-chr-clim.com\/index.php\/wp-json\/wp\/v2\/types\/product"}],"replies":[{"embeddable":true,"href":"https:\/\/abinox-chr-clim.com\/index.php\/wp-json\/wp\/v2\/comments?post=65988"}],"wp:featuredmedia":[{"embeddable":true,"href":"https:\/\/abinox-chr-clim.com\/index.php\/wp-json\/wp\/v2\/media\/101493"}],"wp:attachment":[{"href":"https:\/\/abinox-chr-clim.com\/index.php\/wp-json\/wp\/v2\/media?parent=65988"}],"wp:term":[{"taxonomy":"product_brand","embeddable":true,"href":"https:\/\/abinox-chr-clim.com\/index.php\/wp-json\/wp\/v2\/product_brand?post=65988"},{"taxonomy":"product_cat","embeddable":true,"href":"https:\/\/abinox-chr-clim.com\/index.php\/wp-json\/wp\/v2\/product_cat?post=65988"},{"taxonomy":"product_tag","embeddable":true,"href":"https:\/\/abinox-chr-clim.com\/index.php\/wp-json\/wp\/v2\/product_tag?post=65988"}],"curies":[{"name":"wp","href":"https:\/\/api.w.org\/{rel}","templated":true}]}}