{"id":65986,"date":"2024-03-22T15:03:06","date_gmt":"2024-03-22T14:03:06","guid":{"rendered":"https:\/\/abinox-chr-clim.com\/index.php\/product\/verres-a-martini-utopia-timeless-vintage-230ml-lot-de-12\/"},"modified":"2026-04-20T10:12:47","modified_gmt":"2026-04-20T08:12:47","slug":"verres-a-martini-utopia-timeless-vintage-230ml-lot-de-12","status":"publish","type":"product","link":"https:\/\/abinox-chr-clim.com\/index.php\/product\/verres-a-martini-utopia-timeless-vintage-230ml-lot-de-12\/","title":{"rendered":"Verres \u00e0 Martini Utopia Timeless Vintage 230ml (lot de 12)"},"content":{"rendered":"<p>Vous cherchez des verres uniques et \u00e9l\u00e9gants &#63; Alors la gamme Timeless Vintage Utopia est faite pour vous. Chaque verre apportera \u00e0 coup s\u00fbr une touche vintage \u00e0 vos services de boissons !.<br \/>La finition verre taill\u00e9 cr\u00e9e un look vintage. Ce verre en cristal lourd s&rsquo;adapte \u00e0 tout type de menu. Donnez une identit\u00e9 \u00e0 votre service. Compatible lave-vaisselle. De la marque Utopia sp\u00e9cialiste des arts de la table.  La finition verre taill\u00e9 cr\u00e9e un look vintage.<\/p>\n<p>Caract\u00e9ristiques :<br \/>Lot : 12.<br \/> Capacit\u00e9 : 23 cl.<br \/> Dimensions : 171(H) x 116(\u00d8) mm.<br \/> Mati\u00e8re : Verre.<br \/> Couleur : Transparent.<\/p>\n","protected":false},"excerpt":{"rendered":"<p>Verres \u00e0 Martini Utopia Timeless Vintage 230ml (lot de 12)<\/p>\n","protected":false},"featured_media":96510,"comment_status":"closed","ping_status":"closed","template":"","meta":[],"product_brand":[],"product_cat":[1023,1057,1297,1051],"product_tag":[],"class_list":{"0":"post-65986","1":"product","2":"type-product","3":"status-publish","4":"has-post-thumbnail","6":"product_cat-art-de-la-table","7":"product_cat-digestifs-et-cognac","8":"product_cat-non-palettisable","9":"product_cat-verrerie","10":"product_shipping_class-free-shipping","12":"first","13":"outofstock","14":"featured","15":"taxable","16":"shipping-taxable","17":"purchasable","18":"product-type-simple"},"_links":{"self":[{"href":"https:\/\/abinox-chr-clim.com\/index.php\/wp-json\/wp\/v2\/product\/65986","targetHints":{"allow":["GET"]}}],"collection":[{"href":"https:\/\/abinox-chr-clim.com\/index.php\/wp-json\/wp\/v2\/product"}],"about":[{"href":"https:\/\/abinox-chr-clim.com\/index.php\/wp-json\/wp\/v2\/types\/product"}],"replies":[{"embeddable":true,"href":"https:\/\/abinox-chr-clim.com\/index.php\/wp-json\/wp\/v2\/comments?post=65986"}],"wp:featuredmedia":[{"embeddable":true,"href":"https:\/\/abinox-chr-clim.com\/index.php\/wp-json\/wp\/v2\/media\/96510"}],"wp:attachment":[{"href":"https:\/\/abinox-chr-clim.com\/index.php\/wp-json\/wp\/v2\/media?parent=65986"}],"wp:term":[{"taxonomy":"product_brand","embeddable":true,"href":"https:\/\/abinox-chr-clim.com\/index.php\/wp-json\/wp\/v2\/product_brand?post=65986"},{"taxonomy":"product_cat","embeddable":true,"href":"https:\/\/abinox-chr-clim.com\/index.php\/wp-json\/wp\/v2\/product_cat?post=65986"},{"taxonomy":"product_tag","embeddable":true,"href":"https:\/\/abinox-chr-clim.com\/index.php\/wp-json\/wp\/v2\/product_tag?post=65986"}],"curies":[{"name":"wp","href":"https:\/\/api.w.org\/{rel}","templated":true}]}}