{"id":65984,"date":"2024-03-22T15:03:05","date_gmt":"2024-03-22T14:03:05","guid":{"rendered":"https:\/\/abinox-chr-clim.com\/index.php\/product\/verres-a-cognac-arcoroc-250ml-lot-de-6\/"},"modified":"2026-04-02T09:13:07","modified_gmt":"2026-04-02T07:13:07","slug":"verres-a-cognac-arcoroc-250ml-lot-de-6","status":"publish","type":"product","link":"https:\/\/abinox-chr-clim.com\/index.php\/product\/verres-a-cognac-arcoroc-250ml-lot-de-6\/","title":{"rendered":"Verres \u00e0 cognac Arcoroc 250ml (Lot de 6)"},"content":{"rendered":"<p>Verres  classiques et durables, adapt\u00e9s pour une utilisation dans n&rsquo;importe quel \u00e9tablissement. Lavable au lave-verres.<br \/>Lavable au lave-verres. Lavable au lave-verres. .<br \/> Caract\u00e9ristiques :<br \/>Lot : 6.<br \/> Capacit\u00e9 : 250ml.<br \/> Dimensions : 112(H)x 82(\u00d8)mm.<br \/> Mati\u00e8re : Verre.<br \/> Couleur : Transparent.<\/p>\n","protected":false},"excerpt":{"rendered":"<p>Verres \u00e0 cognac Arcoroc 250ml (Lot de 6)<\/p>\n","protected":false},"featured_media":91849,"comment_status":"closed","ping_status":"closed","template":"","meta":[],"product_brand":[],"product_cat":[1023,1057,1297,1051],"product_tag":[],"class_list":{"0":"post-65984","1":"product","2":"type-product","3":"status-publish","4":"has-post-thumbnail","6":"product_cat-art-de-la-table","7":"product_cat-digestifs-et-cognac","8":"product_cat-non-palettisable","9":"product_cat-verrerie","10":"product_shipping_class-free-shipping","12":"first","13":"instock","14":"featured","15":"taxable","16":"shipping-taxable","17":"purchasable","18":"product-type-simple"},"_links":{"self":[{"href":"https:\/\/abinox-chr-clim.com\/index.php\/wp-json\/wp\/v2\/product\/65984","targetHints":{"allow":["GET"]}}],"collection":[{"href":"https:\/\/abinox-chr-clim.com\/index.php\/wp-json\/wp\/v2\/product"}],"about":[{"href":"https:\/\/abinox-chr-clim.com\/index.php\/wp-json\/wp\/v2\/types\/product"}],"replies":[{"embeddable":true,"href":"https:\/\/abinox-chr-clim.com\/index.php\/wp-json\/wp\/v2\/comments?post=65984"}],"wp:featuredmedia":[{"embeddable":true,"href":"https:\/\/abinox-chr-clim.com\/index.php\/wp-json\/wp\/v2\/media\/91849"}],"wp:attachment":[{"href":"https:\/\/abinox-chr-clim.com\/index.php\/wp-json\/wp\/v2\/media?parent=65984"}],"wp:term":[{"taxonomy":"product_brand","embeddable":true,"href":"https:\/\/abinox-chr-clim.com\/index.php\/wp-json\/wp\/v2\/product_brand?post=65984"},{"taxonomy":"product_cat","embeddable":true,"href":"https:\/\/abinox-chr-clim.com\/index.php\/wp-json\/wp\/v2\/product_cat?post=65984"},{"taxonomy":"product_tag","embeddable":true,"href":"https:\/\/abinox-chr-clim.com\/index.php\/wp-json\/wp\/v2\/product_tag?post=65984"}],"curies":[{"name":"wp","href":"https:\/\/api.w.org\/{rel}","templated":true}]}}