{"id":65982,"date":"2024-03-22T15:03:05","date_gmt":"2024-03-22T14:03:05","guid":{"rendered":"https:\/\/abinox-chr-clim.com\/index.php\/product\/coupes-dessert-arcoroc-versatile-12cl-lot-de-6\/"},"modified":"2026-04-24T10:11:41","modified_gmt":"2026-04-24T08:11:41","slug":"coupes-dessert-arcoroc-versatile-12cl-lot-de-6","status":"publish","type":"product","link":"https:\/\/abinox-chr-clim.com\/index.php\/product\/coupes-dessert-arcoroc-versatile-12cl-lot-de-6\/","title":{"rendered":"Coupes dessert Arcoroc Versatile 12cl  (Lot de 6)"},"content":{"rendered":"<p>En forme de boule en verre, cette coupe dessert est \u00e0 la fois tendance et d\u00e9cal\u00e9e. Parfaite pour une utilisation dans un restaurant gastronomique ou dans un environnement pub gastro.<br \/>. Polyvalente et \u00e9l\u00e9gante. Forme inclin\u00e9e. .<\/p>\n<p>Caract\u00e9ristiques :<br \/>Lot : 6.<br \/> Capacit\u00e9 : 12 cl.<br \/> Dimensions : 88(H) x 98(\u00d8) mm.<br \/> Mati\u00e8re : Verre.<br \/> Couleur : Transparent.<\/p>\n","protected":false},"excerpt":{"rendered":"<p>Coupes dessert Arcoroc Versatile 12cl  (Lot de 6)<\/p>\n","protected":false},"featured_media":96888,"comment_status":"closed","ping_status":"closed","template":"","meta":[],"product_brand":[],"product_cat":[1023,1056,1297,1051],"product_tag":[],"class_list":{"0":"post-65982","1":"product","2":"type-product","3":"status-publish","4":"has-post-thumbnail","6":"product_cat-art-de-la-table","7":"product_cat-dessert","8":"product_cat-non-palettisable","9":"product_cat-verrerie","10":"product_shipping_class-free-shipping","12":"first","13":"outofstock","14":"featured","15":"taxable","16":"shipping-taxable","17":"purchasable","18":"product-type-simple"},"_links":{"self":[{"href":"https:\/\/abinox-chr-clim.com\/index.php\/wp-json\/wp\/v2\/product\/65982","targetHints":{"allow":["GET"]}}],"collection":[{"href":"https:\/\/abinox-chr-clim.com\/index.php\/wp-json\/wp\/v2\/product"}],"about":[{"href":"https:\/\/abinox-chr-clim.com\/index.php\/wp-json\/wp\/v2\/types\/product"}],"replies":[{"embeddable":true,"href":"https:\/\/abinox-chr-clim.com\/index.php\/wp-json\/wp\/v2\/comments?post=65982"}],"wp:featuredmedia":[{"embeddable":true,"href":"https:\/\/abinox-chr-clim.com\/index.php\/wp-json\/wp\/v2\/media\/96888"}],"wp:attachment":[{"href":"https:\/\/abinox-chr-clim.com\/index.php\/wp-json\/wp\/v2\/media?parent=65982"}],"wp:term":[{"taxonomy":"product_brand","embeddable":true,"href":"https:\/\/abinox-chr-clim.com\/index.php\/wp-json\/wp\/v2\/product_brand?post=65982"},{"taxonomy":"product_cat","embeddable":true,"href":"https:\/\/abinox-chr-clim.com\/index.php\/wp-json\/wp\/v2\/product_cat?post=65982"},{"taxonomy":"product_tag","embeddable":true,"href":"https:\/\/abinox-chr-clim.com\/index.php\/wp-json\/wp\/v2\/product_tag?post=65982"}],"curies":[{"name":"wp","href":"https:\/\/api.w.org\/{rel}","templated":true}]}}