{"id":65980,"date":"2024-03-22T15:03:04","date_gmt":"2024-03-22T14:03:04","guid":{"rendered":"https:\/\/abinox-chr-clim.com\/index.php\/product\/coupes-dessert-utopia-ypsilon-ellipse-380-ml-lot-de-12\/"},"modified":"2026-04-24T10:35:06","modified_gmt":"2026-04-24T08:35:06","slug":"coupes-dessert-utopia-ypsilon-ellipse-380-ml-lot-de-12","status":"publish","type":"product","link":"https:\/\/abinox-chr-clim.com\/index.php\/product\/coupes-dessert-utopia-ypsilon-ellipse-380-ml-lot-de-12\/","title":{"rendered":"Coupes dessert Utopia Ypsilon Ellipse 380 ml (lot de 12)"},"content":{"rendered":"<p>Un style pour chaque occasion.<br \/>Le design contemporain apportera une touche moderne \u00e0 votre service \u00e0 dessert. C\u00f4t\u00e9s inclin\u00e9s parfaits pour superposer les ingr\u00e9dients et parfaire la pr\u00e9sentation. Le verre lisse et transparent met en valeur vos desserts. Chaque verre p\u00e8se 21,5 g et dispose d&rsquo;une base lourde pour plus de stabilit\u00e9 sur la table.Passe au lave-verres pour gagner du temps et des efforts lors du nettoyage.Poids par pi\u00e8ce : 21,5 g. Le design contemporain apportera une touche moderne \u00e0 votre service \u00e0 dessert.<\/p>\n<p>Caract\u00e9ristiques :<br \/>Lot : 12.<br \/> Capacit\u00e9 : 38 cl.<br \/> Dimensions : 90(H) x 130(\u00d8) mm.<br \/> Mati\u00e8re : Verre.<br \/> Couleur : Transparent.<\/p>\n","protected":false},"excerpt":{"rendered":"<p>Coupes dessert Utopia Ypsilon Ellipse 380 ml (lot de 12)<\/p>\n","protected":false},"featured_media":103308,"comment_status":"closed","ping_status":"closed","template":"","meta":[],"product_brand":[],"product_cat":[1023,1056,1297,1051],"product_tag":[],"class_list":{"0":"post-65980","1":"product","2":"type-product","3":"status-publish","4":"has-post-thumbnail","6":"product_cat-art-de-la-table","7":"product_cat-dessert","8":"product_cat-non-palettisable","9":"product_cat-verrerie","10":"product_shipping_class-free-shipping","12":"first","13":"outofstock","14":"featured","15":"taxable","16":"shipping-taxable","17":"purchasable","18":"product-type-simple"},"_links":{"self":[{"href":"https:\/\/abinox-chr-clim.com\/index.php\/wp-json\/wp\/v2\/product\/65980","targetHints":{"allow":["GET"]}}],"collection":[{"href":"https:\/\/abinox-chr-clim.com\/index.php\/wp-json\/wp\/v2\/product"}],"about":[{"href":"https:\/\/abinox-chr-clim.com\/index.php\/wp-json\/wp\/v2\/types\/product"}],"replies":[{"embeddable":true,"href":"https:\/\/abinox-chr-clim.com\/index.php\/wp-json\/wp\/v2\/comments?post=65980"}],"wp:featuredmedia":[{"embeddable":true,"href":"https:\/\/abinox-chr-clim.com\/index.php\/wp-json\/wp\/v2\/media\/103308"}],"wp:attachment":[{"href":"https:\/\/abinox-chr-clim.com\/index.php\/wp-json\/wp\/v2\/media?parent=65980"}],"wp:term":[{"taxonomy":"product_brand","embeddable":true,"href":"https:\/\/abinox-chr-clim.com\/index.php\/wp-json\/wp\/v2\/product_brand?post=65980"},{"taxonomy":"product_cat","embeddable":true,"href":"https:\/\/abinox-chr-clim.com\/index.php\/wp-json\/wp\/v2\/product_cat?post=65980"},{"taxonomy":"product_tag","embeddable":true,"href":"https:\/\/abinox-chr-clim.com\/index.php\/wp-json\/wp\/v2\/product_tag?post=65980"}],"curies":[{"name":"wp","href":"https:\/\/api.w.org\/{rel}","templated":true}]}}