{"id":65978,"date":"2024-03-22T15:03:03","date_gmt":"2024-03-22T14:03:03","guid":{"rendered":"https:\/\/abinox-chr-clim.com\/index.php\/product\/coupes-a-dessert-hautes-olympia-185ml-lot-de-6\/"},"modified":"2026-04-24T08:45:51","modified_gmt":"2026-04-24T06:45:51","slug":"coupes-a-dessert-hautes-olympia-185ml-lot-de-6","status":"publish","type":"product","link":"https:\/\/abinox-chr-clim.com\/index.php\/product\/coupes-a-dessert-hautes-olympia-185ml-lot-de-6\/","title":{"rendered":"Coupes \u00e0 dessert hautes Olympia 185ml (Lot de 6)"},"content":{"rendered":"<p>Mod\u00e8les \u00e9l\u00e9gants et traditionnels en verre press\u00e9. Lavables au lave-verres.<br \/>Design classique et \u00e9l\u00e9gant pour mettre en valeur vos desserts et glaces. Forme haute et \u00e9lanc\u00e9e, parfaite pour les superpositions ou autres pr\u00e9sentations originales. La transparence brillante met en valeur les couleurs vives de vos d\u00e9licieux desserts. Fabriqu\u00e9 en verre press\u00e9 durable pour une r\u00e9sistance exceptionnelle et une utilisation de longue dur\u00e9e. Lavable au lave-vaisselle pour \u00e9conomiser du temps et des efforts lors du nettoyage. Veuillez noter que cette coupe \u00e0 dessert n&rsquo;est pas marqu\u00e9 CE.  Design classique et \u00e9l\u00e9gant pour mettre en valeur vos desserts et glaces.<\/p>\n<p>Caract\u00e9ristiques :<br \/>Lot : 6.<br \/> Capacit\u00e9 : 18,5 cl.<br \/> Dimensions : 155(H) x 100(\u00d8) mm.<br \/> Mati\u00e8re : Verre.<br \/> Couleur : Transparent.<\/p>\n","protected":false},"excerpt":{"rendered":"<p>Coupes \u00e0 dessert hautes Olympia 185ml (Lot de 6)<\/p>\n","protected":false},"featured_media":81301,"comment_status":"closed","ping_status":"closed","template":"","meta":[],"product_brand":[],"product_cat":[1023,1056,1297,1051],"product_tag":[],"class_list":{"0":"post-65978","1":"product","2":"type-product","3":"status-publish","4":"has-post-thumbnail","6":"product_cat-art-de-la-table","7":"product_cat-dessert","8":"product_cat-non-palettisable","9":"product_cat-verrerie","10":"product_shipping_class-free-shipping","12":"first","13":"instock","14":"featured","15":"taxable","16":"shipping-taxable","17":"purchasable","18":"product-type-simple"},"_links":{"self":[{"href":"https:\/\/abinox-chr-clim.com\/index.php\/wp-json\/wp\/v2\/product\/65978","targetHints":{"allow":["GET"]}}],"collection":[{"href":"https:\/\/abinox-chr-clim.com\/index.php\/wp-json\/wp\/v2\/product"}],"about":[{"href":"https:\/\/abinox-chr-clim.com\/index.php\/wp-json\/wp\/v2\/types\/product"}],"replies":[{"embeddable":true,"href":"https:\/\/abinox-chr-clim.com\/index.php\/wp-json\/wp\/v2\/comments?post=65978"}],"wp:featuredmedia":[{"embeddable":true,"href":"https:\/\/abinox-chr-clim.com\/index.php\/wp-json\/wp\/v2\/media\/81301"}],"wp:attachment":[{"href":"https:\/\/abinox-chr-clim.com\/index.php\/wp-json\/wp\/v2\/media?parent=65978"}],"wp:term":[{"taxonomy":"product_brand","embeddable":true,"href":"https:\/\/abinox-chr-clim.com\/index.php\/wp-json\/wp\/v2\/product_brand?post=65978"},{"taxonomy":"product_cat","embeddable":true,"href":"https:\/\/abinox-chr-clim.com\/index.php\/wp-json\/wp\/v2\/product_cat?post=65978"},{"taxonomy":"product_tag","embeddable":true,"href":"https:\/\/abinox-chr-clim.com\/index.php\/wp-json\/wp\/v2\/product_tag?post=65978"}],"curies":[{"name":"wp","href":"https:\/\/api.w.org\/{rel}","templated":true}]}}