{"id":65977,"date":"2024-03-22T15:03:03","date_gmt":"2024-03-22T14:03:03","guid":{"rendered":"https:\/\/abinox-chr-clim.com\/index.php\/product\/grandes-coupes-a-dessert-traditionnelles-olympia-185ml-lot-de-6\/"},"modified":"2026-04-24T08:45:50","modified_gmt":"2026-04-24T06:45:50","slug":"grandes-coupes-a-dessert-traditionnelles-olympia-185ml-lot-de-6","status":"publish","type":"product","link":"https:\/\/abinox-chr-clim.com\/index.php\/product\/grandes-coupes-a-dessert-traditionnelles-olympia-185ml-lot-de-6\/","title":{"rendered":"Grandes coupes \u00e0 dessert traditionnelles Olympia 185ml (Lot de 6)"},"content":{"rendered":"<p>Mod\u00e8les \u00e9l\u00e9gants et traditionnels en verre press\u00e9. Lavables au lave-verres.<br \/>Design classique et \u00e9l\u00e9gant pour mettre en valeur vos cr\u00e8mes glac\u00e9es et autres desserts. Base \u00e9troite et bord large pour les superpositions ou autres pr\u00e9sentations imaginatives. La transparence brillante met en valeur les couleurs vives de vos d\u00e9licieux desserts. Fabriqu\u00e9 en verre press\u00e9 durable pour une r\u00e9sistance exceptionnelle et une utilisation de longue dur\u00e9e. Lavable au lave-vaisselle pour \u00e9conomiser du temps et des efforts lors du nettoyage. Veuillez noter que ce verre \u00e0 dessert ne porte pas le marquage CE.  Design classique et \u00e9l\u00e9gant pour mettre en valeur vos cr\u00e8mes glac\u00e9es et autres desserts.<\/p>\n<p>Caract\u00e9ristiques :<br \/>Lot : 6.<br \/> Capacit\u00e9 : 185ml.<br \/> Dimensions : 135(H) x 135(\u00d8) mm.<br \/> Mati\u00e8re : Verre.<br \/> Couleur : Transparent.<\/p>\n","protected":false},"excerpt":{"rendered":"<p>Grandes coupes \u00e0 dessert traditionnelles Olympia 185ml (Lot de 6)<\/p>\n","protected":false},"featured_media":81295,"comment_status":"closed","ping_status":"closed","template":"","meta":[],"product_brand":[],"product_cat":[1023,1056,1297,1051],"product_tag":[],"class_list":{"0":"post-65977","1":"product","2":"type-product","3":"status-publish","4":"has-post-thumbnail","6":"product_cat-art-de-la-table","7":"product_cat-dessert","8":"product_cat-non-palettisable","9":"product_cat-verrerie","10":"product_shipping_class-free-shipping","12":"first","13":"instock","14":"featured","15":"taxable","16":"shipping-taxable","17":"purchasable","18":"product-type-simple"},"_links":{"self":[{"href":"https:\/\/abinox-chr-clim.com\/index.php\/wp-json\/wp\/v2\/product\/65977","targetHints":{"allow":["GET"]}}],"collection":[{"href":"https:\/\/abinox-chr-clim.com\/index.php\/wp-json\/wp\/v2\/product"}],"about":[{"href":"https:\/\/abinox-chr-clim.com\/index.php\/wp-json\/wp\/v2\/types\/product"}],"replies":[{"embeddable":true,"href":"https:\/\/abinox-chr-clim.com\/index.php\/wp-json\/wp\/v2\/comments?post=65977"}],"wp:featuredmedia":[{"embeddable":true,"href":"https:\/\/abinox-chr-clim.com\/index.php\/wp-json\/wp\/v2\/media\/81295"}],"wp:attachment":[{"href":"https:\/\/abinox-chr-clim.com\/index.php\/wp-json\/wp\/v2\/media?parent=65977"}],"wp:term":[{"taxonomy":"product_brand","embeddable":true,"href":"https:\/\/abinox-chr-clim.com\/index.php\/wp-json\/wp\/v2\/product_brand?post=65977"},{"taxonomy":"product_cat","embeddable":true,"href":"https:\/\/abinox-chr-clim.com\/index.php\/wp-json\/wp\/v2\/product_cat?post=65977"},{"taxonomy":"product_tag","embeddable":true,"href":"https:\/\/abinox-chr-clim.com\/index.php\/wp-json\/wp\/v2\/product_tag?post=65977"}],"curies":[{"name":"wp","href":"https:\/\/api.w.org\/{rel}","templated":true}]}}