{"id":65959,"date":"2024-03-22T15:02:55","date_gmt":"2024-03-22T14:02:55","guid":{"rendered":"https:\/\/abinox-chr-clim.com\/index.php\/product\/gobelet-en-verre-trempe-130ml-olympia-lot-de-12\/"},"modified":"2026-04-15T09:00:28","modified_gmt":"2026-04-15T07:00:28","slug":"gobelet-en-verre-trempe-130ml-olympia-lot-de-12","status":"publish","type":"product","link":"https:\/\/abinox-chr-clim.com\/index.php\/product\/gobelet-en-verre-trempe-130ml-olympia-lot-de-12\/","title":{"rendered":"Gobelet en verre tremp\u00e9 130ml Olympia (Lot de 12)"},"content":{"rendered":"<p>Gobelet en verre tremp\u00e9 b\u00e9n\u00e9ficiant d&rsquo;une plus grande r\u00e9sistance. Lavable au lave-verres.<br \/>Le verre tremp\u00e9 offre une excellente durabilit\u00e9. Le mat\u00e9riau durable emp\u00eache les \u00e9clats, les rayures et le ternissement. Le lave-vaisselle permet un nettoyage rapide et complet. Les panneaux lat\u00e9raux donnent un aspect classique. La conception empilable vous permet d&rsquo;\u00e9conomiser l&rsquo;espace vital. Ce produit n&rsquo;est pas marqu\u00e9 CE.  Le verre tremp\u00e9 offre une excellente durabilit\u00e9.<\/p>\n<p>Caract\u00e9ristiques :<br \/>Lot : 12.<br \/> Capacit\u00e9 : 13 cl.<br \/> Dimensions : 78(H)x 67(\u00d8)mm.<br \/> Mati\u00e8re : Verre \u00e9pais.<br \/> Couleur : Transparent.<\/p>\n","protected":false},"excerpt":{"rendered":"<p>Gobelet en verre tremp\u00e9 130ml Olympia (Lot de 12)<\/p>\n","protected":false},"featured_media":101503,"comment_status":"closed","ping_status":"closed","template":"","meta":[],"product_brand":[],"product_cat":[1023,1055,1297,1051],"product_tag":[],"class_list":{"0":"post-65959","1":"product","2":"type-product","3":"status-publish","4":"has-post-thumbnail","6":"product_cat-art-de-la-table","7":"product_cat-chopes-et-gobelets","8":"product_cat-non-palettisable","9":"product_cat-verrerie","10":"product_shipping_class-free-shipping","12":"first","13":"instock","14":"featured","15":"taxable","16":"shipping-taxable","17":"purchasable","18":"product-type-simple"},"_links":{"self":[{"href":"https:\/\/abinox-chr-clim.com\/index.php\/wp-json\/wp\/v2\/product\/65959","targetHints":{"allow":["GET"]}}],"collection":[{"href":"https:\/\/abinox-chr-clim.com\/index.php\/wp-json\/wp\/v2\/product"}],"about":[{"href":"https:\/\/abinox-chr-clim.com\/index.php\/wp-json\/wp\/v2\/types\/product"}],"replies":[{"embeddable":true,"href":"https:\/\/abinox-chr-clim.com\/index.php\/wp-json\/wp\/v2\/comments?post=65959"}],"wp:featuredmedia":[{"embeddable":true,"href":"https:\/\/abinox-chr-clim.com\/index.php\/wp-json\/wp\/v2\/media\/101503"}],"wp:attachment":[{"href":"https:\/\/abinox-chr-clim.com\/index.php\/wp-json\/wp\/v2\/media?parent=65959"}],"wp:term":[{"taxonomy":"product_brand","embeddable":true,"href":"https:\/\/abinox-chr-clim.com\/index.php\/wp-json\/wp\/v2\/product_brand?post=65959"},{"taxonomy":"product_cat","embeddable":true,"href":"https:\/\/abinox-chr-clim.com\/index.php\/wp-json\/wp\/v2\/product_cat?post=65959"},{"taxonomy":"product_tag","embeddable":true,"href":"https:\/\/abinox-chr-clim.com\/index.php\/wp-json\/wp\/v2\/product_tag?post=65959"}],"curies":[{"name":"wp","href":"https:\/\/api.w.org\/{rel}","templated":true}]}}